{"id":13344,"date":"2019-08-09T21:59:35","date_gmt":"2019-08-09T21:59:35","guid":{"rendered":"https:\/\/www.danceforkindness.com\/registrate-para-liderar-lider-de-grupo-retornante\/"},"modified":"2019-08-09T21:59:37","modified_gmt":"2019-08-09T21:59:37","slug":"registrate-para-liderar-lider-de-grupo-retornante","status":"publish","type":"page","link":"https:\/\/www.danceforkindness.com\/es\/registrate-para-liderar-lider-de-grupo-retornante\/","title":{"rendered":"Reg\u00edstrate para liderar &#8211; L\u00edder de Grupo Retornante"},"content":{"rendered":"<div class=\"wpb-content-wrapper\"><p>[vc_row row_height_percent=\u00bb0&#8243; override_padding=\u00bbyes\u00bb h_padding=\u00bb3&#8243; top_padding=\u00bb3&#8243; bottom_padding=\u00bb3&#8243; back_color=\u00bbcolor-xsdn\u00bb overlay_alpha=\u00bb50&#8243; gutter_size=\u00bb3&#8243; column_width_percent=\u00bb100&#8243; shift_y=\u00bb0&#8243; z_index=\u00bb0&#8243; row_name=\u00bbapply\u00bb][vc_column column_width_percent=\u00bb70&#8243; align_horizontal=\u00bbalign_center\u00bb overlay_alpha=\u00bb50&#8243; gutter_size=\u00bb2&#8243; medium_width=\u00bb0&#8243; mobile_width=\u00bb0&#8243; shift_x=\u00bb0&#8243; shift_y=\u00bb0&#8243; z_index=\u00bb0&#8243; width=\u00bb1\/1&#8243;][vc_custom_heading text_size=\u00bbfontsize-767795&#8243; text_font=\u00bbfont-183760&#8243; text_color=\u00bbcolor-205742&#8243;]Aplicaci\u00f3n para L\u00edder de Grupo Retornante[\/vc_custom_heading][vc_column_text]Gu\u00eda a tu ciudad en el Baile Anual de la Amabilidad de Life Vest Inside! El evento ser\u00e1 el d\u00eda Domingo 10 de Noviembre de 2019. \u00bfQuieres saber m\u00e1s antes de aplicar? Verificar <a href=\"#faq\"><strong><span style=\"color: #ff4a00\">Preguntas Frecuentes<\/span><\/strong><\/a>.[\/vc_column_text][vc_custom_heading text_size=\u00bbh5&#8243; text_space=\u00bbfontspace-130716&#8243; text_font=\u00bbfont-147490&#8243; text_weight=\u00bb400&#8243; text_transform=\u00bbuppercase\u00bb]<strong>Aplicar para el 2019<\/strong>[\/vc_custom_heading][\/vc_column][\/vc_row]<\/p>\n<\/div>","protected":false},"excerpt":{"rendered":"<p>[vc_row row_height_percent=\u00bb0&#8243; override_padding=\u00bbyes\u00bb h_padding=\u00bb3&#8243; top_padding=\u00bb3&#8243; bottom_padding=\u00bb3&#8243; back_color=\u00bbcolor-xsdn\u00bb overlay_alpha=\u00bb50&#8243; gutter_size=\u00bb3&#8243; column_width_percent=\u00bb100&#8243; shift_y=\u00bb0&#8243; z_index=\u00bb0&#8243; row_name=\u00bbapply\u00bb][vc_column column_width_percent=\u00bb70&#8243; align_horizontal=\u00bbalign_center\u00bb overlay_alpha=\u00bb50&#8243; gutter_size=\u00bb2&#8243; medium_width=\u00bb0&#8243; mobile_width=\u00bb0&#8243; shift_x=\u00bb0&#8243; [&hellip;]<\/p>\n","protected":false},"author":1,"featured_media":0,"parent":0,"menu_order":0,"comment_status":"closed","ping_status":"closed","template":"","meta":{"footnotes":""},"class_list":["post-13344","page","type-page","status-publish","hentry"],"yoast_head":"<!-- This site is optimized with the Yoast SEO plugin v24.5 - https:\/\/yoast.com\/wordpress\/plugins\/seo\/ -->\n<title>Reg\u00edstrate para liderar - L\u00edder de Grupo Retornante - Dance for Kindness<\/title>\n<meta name=\"robots\" content=\"index, follow, max-snippet:-1, max-image-preview:large, max-video-preview:-1\" \/>\n<link rel=\"canonical\" href=\"https:\/\/www.danceforkindness.com\/es\/registrate-para-liderar-lider-de-grupo-retornante\/\" \/>\n<meta property=\"og:locale\" content=\"es_ES\" \/>\n<meta property=\"og:type\" content=\"article\" \/>\n<meta property=\"og:title\" content=\"Reg\u00edstrate para liderar - L\u00edder de Grupo Retornante - Dance for Kindness\" \/>\n<meta property=\"og:description\" content=\"[vc_row row_height_percent=\u00bb0&#8243; override_padding=\u00bbyes\u00bb h_padding=\u00bb3&#8243; top_padding=\u00bb3&#8243; bottom_padding=\u00bb3&#8243; back_color=\u00bbcolor-xsdn\u00bb overlay_alpha=\u00bb50&#8243; gutter_size=\u00bb3&#8243; column_width_percent=\u00bb100&#8243; shift_y=\u00bb0&#8243; z_index=\u00bb0&#8243; row_name=\u00bbapply\u00bb][vc_column column_width_percent=\u00bb70&#8243; align_horizontal=\u00bbalign_center\u00bb overlay_alpha=\u00bb50&#8243; gutter_size=\u00bb2&#8243; medium_width=\u00bb0&#8243; mobile_width=\u00bb0&#8243; shift_x=\u00bb0&#8243; [&hellip;]\" \/>\n<meta property=\"og:url\" content=\"https:\/\/www.danceforkindness.com\/es\/registrate-para-liderar-lider-de-grupo-retornante\/\" \/>\n<meta property=\"og:site_name\" content=\"Dance for Kindness\" \/>\n<meta property=\"article:publisher\" content=\"https:\/\/www.facebook.com\/lifevestinside\" \/>\n<meta property=\"article:modified_time\" content=\"2019-08-09T21:59:37+00:00\" \/>\n<meta property=\"og:image\" content=\"https:\/\/www.danceforkindness.com\/wp-content\/uploads\/2022\/01\/Website-sharing-image_2022.png\" \/>\n\t<meta property=\"og:image:width\" content=\"1200\" \/>\n\t<meta property=\"og:image:height\" content=\"630\" \/>\n\t<meta property=\"og:image:type\" content=\"image\/png\" \/>\n<meta name=\"twitter:card\" content=\"summary_large_image\" \/>\n<meta name=\"twitter:site\" content=\"@lifevestinside\" \/>\n<meta name=\"twitter:label1\" content=\"Tiempo de lectura\" \/>\n\t<meta name=\"twitter:data1\" content=\"1 minuto\" \/>\n<script type=\"application\/ld+json\" class=\"yoast-schema-graph\">{\"@context\":\"https:\/\/schema.org\",\"@graph\":[{\"@type\":\"WebPage\",\"@id\":\"https:\/\/www.danceforkindness.com\/es\/registrate-para-liderar-lider-de-grupo-retornante\/\",\"url\":\"https:\/\/www.danceforkindness.com\/es\/registrate-para-liderar-lider-de-grupo-retornante\/\",\"name\":\"Reg\u00edstrate para liderar - L\u00edder de Grupo Retornante - Dance for Kindness\",\"isPartOf\":{\"@id\":\"https:\/\/www.danceforkindness.com\/#website\"},\"datePublished\":\"2019-08-09T21:59:35+00:00\",\"dateModified\":\"2019-08-09T21:59:37+00:00\",\"breadcrumb\":{\"@id\":\"https:\/\/www.danceforkindness.com\/es\/registrate-para-liderar-lider-de-grupo-retornante\/#breadcrumb\"},\"inLanguage\":\"es\",\"potentialAction\":[{\"@type\":\"ReadAction\",\"target\":[\"https:\/\/www.danceforkindness.com\/es\/registrate-para-liderar-lider-de-grupo-retornante\/\"]}]},{\"@type\":\"BreadcrumbList\",\"@id\":\"https:\/\/www.danceforkindness.com\/es\/registrate-para-liderar-lider-de-grupo-retornante\/#breadcrumb\",\"itemListElement\":[{\"@type\":\"ListItem\",\"position\":1,\"name\":\"Home\",\"item\":\"https:\/\/www.danceforkindness.com\/es\/pagina-principal-2\/\"},{\"@type\":\"ListItem\",\"position\":2,\"name\":\"Reg\u00edstrate para liderar &#8211; L\u00edder de Grupo Retornante\"}]},{\"@type\":\"WebSite\",\"@id\":\"https:\/\/www.danceforkindness.com\/#website\",\"url\":\"https:\/\/www.danceforkindness.com\/\",\"name\":\"Dance for Kindness\",\"description\":\"Annual Worldwide Flashmob\",\"potentialAction\":[{\"@type\":\"SearchAction\",\"target\":{\"@type\":\"EntryPoint\",\"urlTemplate\":\"https:\/\/www.danceforkindness.com\/?s={search_term_string}\"},\"query-input\":{\"@type\":\"PropertyValueSpecification\",\"valueRequired\":true,\"valueName\":\"search_term_string\"}}],\"inLanguage\":\"es\"}]}<\/script>\n<!-- \/ Yoast SEO plugin. -->","yoast_head_json":{"title":"Reg\u00edstrate para liderar - L\u00edder de Grupo Retornante - Dance for Kindness","robots":{"index":"index","follow":"follow","max-snippet":"max-snippet:-1","max-image-preview":"max-image-preview:large","max-video-preview":"max-video-preview:-1"},"canonical":"https:\/\/www.danceforkindness.com\/es\/registrate-para-liderar-lider-de-grupo-retornante\/","og_locale":"es_ES","og_type":"article","og_title":"Reg\u00edstrate para liderar - L\u00edder de Grupo Retornante - Dance for Kindness","og_description":"[vc_row row_height_percent=\u00bb0&#8243; override_padding=\u00bbyes\u00bb h_padding=\u00bb3&#8243; top_padding=\u00bb3&#8243; bottom_padding=\u00bb3&#8243; back_color=\u00bbcolor-xsdn\u00bb overlay_alpha=\u00bb50&#8243; gutter_size=\u00bb3&#8243; column_width_percent=\u00bb100&#8243; shift_y=\u00bb0&#8243; z_index=\u00bb0&#8243; row_name=\u00bbapply\u00bb][vc_column column_width_percent=\u00bb70&#8243; align_horizontal=\u00bbalign_center\u00bb overlay_alpha=\u00bb50&#8243; gutter_size=\u00bb2&#8243; medium_width=\u00bb0&#8243; mobile_width=\u00bb0&#8243; shift_x=\u00bb0&#8243; [&hellip;]","og_url":"https:\/\/www.danceforkindness.com\/es\/registrate-para-liderar-lider-de-grupo-retornante\/","og_site_name":"Dance for Kindness","article_publisher":"https:\/\/www.facebook.com\/lifevestinside","article_modified_time":"2019-08-09T21:59:37+00:00","og_image":[{"width":1200,"height":630,"url":"https:\/\/www.danceforkindness.com\/wp-content\/uploads\/2022\/01\/Website-sharing-image_2022.png","type":"image\/png"}],"twitter_card":"summary_large_image","twitter_site":"@lifevestinside","twitter_misc":{"Tiempo de lectura":"1 minuto"},"schema":{"@context":"https:\/\/schema.org","@graph":[{"@type":"WebPage","@id":"https:\/\/www.danceforkindness.com\/es\/registrate-para-liderar-lider-de-grupo-retornante\/","url":"https:\/\/www.danceforkindness.com\/es\/registrate-para-liderar-lider-de-grupo-retornante\/","name":"Reg\u00edstrate para liderar - L\u00edder de Grupo Retornante - Dance for Kindness","isPartOf":{"@id":"https:\/\/www.danceforkindness.com\/#website"},"datePublished":"2019-08-09T21:59:35+00:00","dateModified":"2019-08-09T21:59:37+00:00","breadcrumb":{"@id":"https:\/\/www.danceforkindness.com\/es\/registrate-para-liderar-lider-de-grupo-retornante\/#breadcrumb"},"inLanguage":"es","potentialAction":[{"@type":"ReadAction","target":["https:\/\/www.danceforkindness.com\/es\/registrate-para-liderar-lider-de-grupo-retornante\/"]}]},{"@type":"BreadcrumbList","@id":"https:\/\/www.danceforkindness.com\/es\/registrate-para-liderar-lider-de-grupo-retornante\/#breadcrumb","itemListElement":[{"@type":"ListItem","position":1,"name":"Home","item":"https:\/\/www.danceforkindness.com\/es\/pagina-principal-2\/"},{"@type":"ListItem","position":2,"name":"Reg\u00edstrate para liderar &#8211; L\u00edder de Grupo Retornante"}]},{"@type":"WebSite","@id":"https:\/\/www.danceforkindness.com\/#website","url":"https:\/\/www.danceforkindness.com\/","name":"Dance for Kindness","description":"Annual Worldwide Flashmob","potentialAction":[{"@type":"SearchAction","target":{"@type":"EntryPoint","urlTemplate":"https:\/\/www.danceforkindness.com\/?s={search_term_string}"},"query-input":{"@type":"PropertyValueSpecification","valueRequired":true,"valueName":"search_term_string"}}],"inLanguage":"es"}]}},"_links":{"self":[{"href":"https:\/\/www.danceforkindness.com\/es\/wp-json\/wp\/v2\/pages\/13344","targetHints":{"allow":["GET"]}}],"collection":[{"href":"https:\/\/www.danceforkindness.com\/es\/wp-json\/wp\/v2\/pages"}],"about":[{"href":"https:\/\/www.danceforkindness.com\/es\/wp-json\/wp\/v2\/types\/page"}],"author":[{"embeddable":true,"href":"https:\/\/www.danceforkindness.com\/es\/wp-json\/wp\/v2\/users\/1"}],"replies":[{"embeddable":true,"href":"https:\/\/www.danceforkindness.com\/es\/wp-json\/wp\/v2\/comments?post=13344"}],"version-history":[{"count":2,"href":"https:\/\/www.danceforkindness.com\/es\/wp-json\/wp\/v2\/pages\/13344\/revisions"}],"predecessor-version":[{"id":13346,"href":"https:\/\/www.danceforkindness.com\/es\/wp-json\/wp\/v2\/pages\/13344\/revisions\/13346"}],"wp:attachment":[{"href":"https:\/\/www.danceforkindness.com\/es\/wp-json\/wp\/v2\/media?parent=13344"}],"curies":[{"name":"wp","href":"https:\/\/api.w.org\/{rel}","templated":true}]}}