{"id":13658,"date":"2019-09-08T15:27:31","date_gmt":"2019-09-08T15:27:31","guid":{"rendered":"https:\/\/www.danceforkindness.com\/lideres-de-grupo\/"},"modified":"2019-09-08T15:27:40","modified_gmt":"2019-09-08T15:27:40","slug":"lideres-de-grupo","status":"publish","type":"page","link":"https:\/\/www.danceforkindness.com\/es\/lideres-de-grupo\/","title":{"rendered":"L\u00edderes de Grupo"},"content":{"rendered":"<div class=\"wpb-content-wrapper\"><p>[vc_row unlock_row_content=\u00bbyes\u00bb row_height_percent=\u00bb0&#8243; override_padding=\u00bbyes\u00bb h_padding=\u00bb4&#8243; top_padding=\u00bb3&#8243; bottom_padding=\u00bb3&#8243; back_color=\u00bbcolor-110816&#8243; back_image=\u00bb3311&#8243; back_repeat=\u00bbno-repeat\u00bb back_position=\u00bbcenter center\u00bb overlay_alpha=\u00bb50&#8243; gutter_size=\u00bb3&#8243; column_width_percent=\u00bb100&#8243; shift_y=\u00bb0&#8243; z_index=\u00bb0&#8243;][vc_column column_width_percent=\u00bb100&#8243; align_horizontal=\u00bbalign_center\u00bb overlay_alpha=\u00bb50&#8243; gutter_size=\u00bb3&#8243; medium_width=\u00bb0&#8243; mobile_width=\u00bb0&#8243; shift_x=\u00bb0&#8243; shift_y=\u00bb0&#8243; z_index=\u00bb0&#8243; width=\u00bb1\/1&#8243;][vc_row_inner][vc_column_inner column_width_percent=\u00bb83&#8243; position_vertical=\u00bbmiddle\u00bb override_padding=\u00bbyes\u00bb column_padding=\u00bb2&#8243; gutter_size=\u00bb3&#8243; overlay_alpha=\u00bb50&#8243; medium_width=\u00bb0&#8243; mobile_width=\u00bb0&#8243; shift_x=\u00bb0&#8243; shift_y=\u00bb0&#8243; shift_y_down=\u00bb0&#8243; z_index=\u00bb0&#8243; width=\u00bb1\/2&#8243;][vc_custom_heading text_size=\u00bbfontsize-767795&#8243; text_font=\u00bbfont-183760&#8243; text_color=\u00bbcolor-xsdn\u00bb]L\u00edderes de Grupo[\/vc_custom_heading][vc_custom_heading text_size=\u00bbh4&#8243; text_weight=\u00bb400&#8243; text_color=\u00bbcolor-xsdn\u00bb]Un gran l\u00edder no necesariamente es quien hace grandes cosas. Es la persona que logra que otros las hagan. \u2013 Ronald Reagan[\/vc_custom_heading][\/vc_column_inner][vc_column_inner width=\u00bb1\/2&#8243;][vc_single_image media=\u00bb3312&#8243; media_width_percent=\u00bb100&#8243;][\/vc_column_inner][\/vc_row_inner][\/vc_column][\/vc_row][vc_row row_height_percent=\u00bb0&#8243; override_padding=\u00bbyes\u00bb h_padding=\u00bb4&#8243; top_padding=\u00bb3&#8243; bottom_padding=\u00bb3&#8243; back_image=\u00bb982&#8243; back_repeat=\u00bbno-repeat\u00bb parallax=\u00bbyes\u00bb overlay_alpha=\u00bb50&#8243; gutter_size=\u00bb3&#8243; shift_y=\u00bb0&#8243;][vc_column column_width_percent=\u00bb100&#8243; align_horizontal=\u00bbalign_center\u00bb overlay_alpha=\u00bb50&#8243; gutter_size=\u00bb3&#8243; medium_width=\u00bb0&#8243; mobile_width=\u00bb0&#8243; shift_x=\u00bb0&#8243; shift_y=\u00bb0&#8243; z_index=\u00bb0&#8243; width=\u00bb1\/1&#8243;][vc_custom_heading text_size=\u00bbfontsize-767795&#8243; text_font=\u00bbfont-183760&#8243; text_color=\u00bbcolor-205742&#8243;]Nuestra esencia[\/vc_custom_heading][vc_custom_heading text_size=\u00bbh4&#8243; text_height=\u00bbfontheight-180632&#8243; text_weight=\u00bb400&#8243;]\u00a1No hay nada m\u00e1s fuerte que el coraz\u00f3n de un voluntario! Nuestros l\u00edderes de grupo son lo que mantiene unido a Danza por la Amabilidad \u00a1Son el coraz\u00f3n y el alma de este maravilloso evento y los amamos por ello![\/vc_custom_heading][vc_row_inner row_inner_height_percent=\u00bb0&#8243; overlay_alpha=\u00bb50&#8243; equal_height=\u00bbyes\u00bb gutter_size=\u00bb3&#8243; shift_y=\u00bb0&#8243;][vc_column_inner column_width_percent=\u00bb100&#8243; gutter_size=\u00bb3&#8243; overlay_alpha=\u00bb50&#8243; medium_width=\u00bb0&#8243; mobile_width=\u00bb0&#8243; shift_x=\u00bb0&#8243; shift_y=\u00bb0&#8243; z_index=\u00bb0&#8243; width=\u00bb1\/1&#8243;][vc_single_image media=\u00bb9887&#8243; media_width_percent=\u00bb100&#8243; media_ratio=\u00bbsixteen-nine\u00bb advanced=\u00bbyes\u00bb media_items=\u00bbmedia|original,title,caption\u00bb media_overlay_opacity=\u00bb50&#8243; media_text_visible=\u00bbyes\u00bb media_overlay_visible=\u00bbyes\u00bb media_h_align=\u00bbcenter\u00bb media_padding=\u00bb2&#8243; media_title_dimension=\u00bbh2&#8243; el_class=\u00bboverlay-big\u00bb media_link=\u00bburl:https%3A%2F%2Fwww.danceforkindness.com%2Fgroup-leaders%2Fgroup-leaders-2018%2F|||\u00bb][\/vc_column_inner][\/vc_row_inner][vc_row_inner row_inner_height_percent=\u00bb0&#8243; overlay_alpha=\u00bb50&#8243; equal_height=\u00bbyes\u00bb gutter_size=\u00bb3&#8243; shift_y=\u00bb0&#8243;][vc_column_inner column_width_percent=\u00bb100&#8243; gutter_size=\u00bb3&#8243; overlay_alpha=\u00bb50&#8243; medium_width=\u00bb0&#8243; mobile_width=\u00bb0&#8243; shift_x=\u00bb0&#8243; shift_y=\u00bb0&#8243; z_index=\u00bb0&#8243; width=\u00bb1\/2&#8243;][vc_single_image media=\u00bb976&#8243; media_width_percent=\u00bb100&#8243; media_ratio=\u00bbsixteen-nine\u00bb advanced=\u00bbyes\u00bb media_items=\u00bbmedia|original,title,caption\u00bb media_overlay_opacity=\u00bb50&#8243; media_text_visible=\u00bbyes\u00bb media_overlay_visible=\u00bbyes\u00bb media_h_align=\u00bbcenter\u00bb media_padding=\u00bb2&#8243; media_title_dimension=\u00bbh2&#8243; el_class=\u00bboverlay-big\u00bb media_link=\u00bburl:https%3A%2F%2Fwww.danceforkindness.com%2Fgroup-leaders%2Fgroup-leaders-2017%2F|||\u00bb][\/vc_column_inner][vc_column_inner column_width_percent=\u00bb100&#8243; align_horizontal=\u00bbalign_center\u00bb expand_height=\u00bbyes\u00bb gutter_size=\u00bb2&#8243; back_color=\u00bbcolor-205742&#8243; overlay_alpha=\u00bb50&#8243; medium_width=\u00bb0&#8243; mobile_width=\u00bb0&#8243; shift_x=\u00bb0&#8243; shift_y=\u00bb0&#8243; shift_y_down=\u00bb0&#8243; z_index=\u00bb0&#8243; width=\u00bb1\/2&#8243;][vc_custom_heading text_size=\u00bbh6&#8243; text_space=\u00bbfontspace-920774&#8243; text_font=\u00bbfont-147490&#8243; text_weight=\u00bb600&#8243; text_transform=\u00bbuppercase\u00bb text_color=\u00bbcolor-lxmt\u00bb sub_reduced=\u00bbyes\u00bb]L\u00edderes de Grupo[\/vc_custom_heading][vc_custom_heading text_size=\u00bbh3&#8243; text_font=\u00bbfont-147490&#8243; text_weight=\u00bb400&#8243; text_color=\u00bbcolor-xsdn\u00bb sub_reduced=\u00bbyes\u00bb]Convi\u00e9rtete<br \/>\n<strong>l\u00edder de grupo<\/strong><br \/>\n\u00a1Comienza un evento en tu ciudad![\/vc_custom_heading][vc_button button_color=\u00bbcolor-146305&#8243; radius=\u00bbbtn-circle\u00bb shadow=\u00bbyes\u00bb link=\u00bburl:https%3A%2F%2Fwww.danceforkindness.com%2Fregister-to-lead%2F|||\u00bb]\u00a1Post\u00falate ahora![\/vc_button][\/vc_column_inner][\/vc_row_inner][vc_row_inner row_inner_height_percent=\u00bb0&#8243; overlay_alpha=\u00bb50&#8243; equal_height=\u00bbyes\u00bb gutter_size=\u00bb3&#8243; desktop_visibility=\u00bbyes\u00bb medium_visibility=\u00bbyes\u00bb mobile_visibility=\u00bbyes\u00bb shift_y=\u00bb0&#8243; z_index=\u00bb0&#8243; shape_dividers=\u00bb\u00bb][vc_column_inner column_width_percent=\u00bb100&#8243; gutter_size=\u00bb3&#8243; overlay_alpha=\u00bb50&#8243; medium_width=\u00bb0&#8243; mobile_width=\u00bb0&#8243; shift_x=\u00bb0&#8243; shift_y=\u00bb0&#8243; z_index=\u00bb0&#8243; width=\u00bb1\/2&#8243;][vc_single_image media=\u00bb975&#8243; media_width_percent=\u00bb100&#8243; media_ratio=\u00bbthree-two\u00bb advanced=\u00bbyes\u00bb media_items=\u00bbmedia|original,title,caption\u00bb media_overlay_opacity=\u00bb50&#8243; media_text_visible=\u00bbyes\u00bb media_overlay_visible=\u00bbyes\u00bb media_h_align=\u00bbcenter\u00bb media_padding=\u00bb2&#8243; media_title_dimension=\u00bbh2&#8243; el_class=\u00bboverlay-big\u00bb media_link=\u00bburl:http%3A%2F%2Fwww.lifevestinside.com%2Fdfk%2Fgroup-leaders%2Fdance-for-kindness-group-leaders-2016%2F||target:%20_blank|\u00bb][\/vc_column_inner][vc_column_inner width=\u00bb1\/2&#8243;][vc_single_image media=\u00bb974&#8243; media_width_percent=\u00bb100&#8243; media_ratio=\u00bbthree-two\u00bb advanced=\u00bbyes\u00bb media_items=\u00bbmedia|original,title,caption\u00bb media_overlay_opacity=\u00bb50&#8243; media_text_visible=\u00bbyes\u00bb media_overlay_visible=\u00bbyes\u00bb media_h_align=\u00bbcenter\u00bb media_h_position=\u00bbcenter\u00bb media_padding=\u00bb2&#8243; media_title_dimension=\u00bbh2&#8243; el_class=\u00bboverlay-big\u00bb media_link=\u00bburl:http%3A%2F%2Fwww.lifevestinside.com%2Fdfk%2Fgroup-leaders%2Fdance-for-kindness-group-leaders-2015%2F||target:%20_blank|\u00bb][\/vc_column_inner][\/vc_row_inner][vc_row_inner row_inner_height_percent=\u00bb0&#8243; overlay_alpha=\u00bb50&#8243; gutter_size=\u00bb3&#8243; desktop_visibility=\u00bbyes\u00bb medium_visibility=\u00bbyes\u00bb mobile_visibility=\u00bbyes\u00bb shift_y=\u00bb0&#8243; z_index=\u00bb0&#8243; shape_dividers=\u00bb\u00bb][vc_column_inner column_width_percent=\u00bb100&#8243; align_horizontal=\u00bbalign_center\u00bb expand_height=\u00bbyes\u00bb gutter_size=\u00bb2&#8243; back_color=\u00bbcolor-205742&#8243; overlay_alpha=\u00bb50&#8243; medium_width=\u00bb0&#8243; mobile_width=\u00bb0&#8243; shift_x=\u00bb0&#8243; shift_y=\u00bb0&#8243; shift_y_down=\u00bb0&#8243; z_index=\u00bb0&#8243; width=\u00bb1\/3&#8243;][vc_custom_heading text_size=\u00bbh6&#8243; text_space=\u00bbfontspace-920774&#8243; text_font=\u00bbfont-147490&#8243; text_weight=\u00bb600&#8243; text_transform=\u00bbuppercase\u00bb text_color=\u00bbcolor-lxmt\u00bb sub_reduced=\u00bbyes\u00bb]L\u00edderes de Grupo[\/vc_custom_heading][vc_custom_heading text_size=\u00bbh3&#8243; text_font=\u00bbfont-147490&#8243; text_weight=\u00bb400&#8243; text_color=\u00bbcolor-xsdn\u00bb sub_reduced=\u00bbyes\u00bb]Convi\u00e9rtete<br \/>\n<strong>l\u00edder de grupo<\/strong><br \/>\n\u00a1Comienza un evento en tu ciudad![\/vc_custom_heading][vc_button button_color=\u00bbcolor-146305&#8243; radius=\u00bbbtn-circle\u00bb shadow=\u00bbyes\u00bb link=\u00bburl:https%3A%2F%2Fwww.danceforkindness.com%2Fregister-to-lead%2F|||\u00bb]\u00a1Post\u00falate ahora![\/vc_button][\/vc_column_inner][vc_column_inner width=\u00bb1\/3&#8243;][vc_single_image media=\u00bb973&#8243; media_width_percent=\u00bb100&#8243; media_ratio=\u00bbone-one\u00bb advanced=\u00bbyes\u00bb media_items=\u00bbmedia|original,title,caption\u00bb media_overlay_opacity=\u00bb50&#8243; media_text_visible=\u00bbyes\u00bb media_overlay_visible=\u00bbyes\u00bb media_h_align=\u00bbcenter\u00bb media_padding=\u00bb2&#8243; media_title_dimension=\u00bbh2&#8243; media_link=\u00bburl:http%3A%2F%2Fwww.lifevestinside.com%2Fdfk%2Fgroup-leaders%2Fdance-for-kindness-group-leaders-2014%2F||target:%20_blank|\u00bb][\/vc_column_inner][vc_column_inner width=\u00bb1\/3&#8243;][vc_single_image media=\u00bb972&#8243; media_width_percent=\u00bb100&#8243; media_ratio=\u00bbone-one\u00bb advanced=\u00bbyes\u00bb media_items=\u00bbmedia|original,title,caption\u00bb media_overlay_opacity=\u00bb50&#8243; media_text_visible=\u00bbyes\u00bb media_overlay_visible=\u00bbyes\u00bb media_h_align=\u00bbcenter\u00bb media_h_position=\u00bbcenter\u00bb media_padding=\u00bb2&#8243; media_title_dimension=\u00bbh2&#8243; media_link=\u00bburl:http%3A%2F%2Fwww.lifevestinside.com%2Fdfk%2Fgroup-leaders%2Fdance-for-kindness-group-leaders-2013%2F||target:%20_blank|\u00bb][\/vc_column_inner][\/vc_row_inner][vc_row_inner row_inner_height_percent=\u00bb0&#8243; overlay_alpha=\u00bb50&#8243; equal_height=\u00bbyes\u00bb gutter_size=\u00bb3&#8243; desktop_visibility=\u00bbyes\u00bb medium_visibility=\u00bbyes\u00bb mobile_visibility=\u00bbyes\u00bb shift_y=\u00bb0&#8243; z_index=\u00bb0&#8243; shape_dividers=\u00bb\u00bb][vc_column_inner column_width_percent=\u00bb100&#8243; gutter_size=\u00bb3&#8243; overlay_alpha=\u00bb50&#8243; medium_width=\u00bb0&#8243; mobile_width=\u00bb0&#8243; shift_x=\u00bb0&#8243; shift_y=\u00bb0&#8243; z_index=\u00bb0&#8243; width=\u00bb1\/2&#8243;][vc_single_image media=\u00bb971&#8243; media_width_percent=\u00bb100&#8243; media_ratio=\u00bbthree-two\u00bb advanced=\u00bbyes\u00bb media_items=\u00bbmedia|original,title,caption\u00bb media_overlay_opacity=\u00bb50&#8243; media_text_visible=\u00bbyes\u00bb media_overlay_visible=\u00bbyes\u00bb media_h_align=\u00bbcenter\u00bb media_padding=\u00bb2&#8243; media_title_dimension=\u00bbh2&#8243; el_class=\u00bboverlay-big\u00bb media_link=\u00bburl:http%3A%2F%2Fwww.lifevestinside.com%2Fdfk%2Fgroup-leaders%2Fdance-for-kindness-group-leaders-2012%2F||target:%20_blank|\u00bb][\/vc_column_inner][vc_column_inner width=\u00bb1\/2&#8243;][vc_single_image media=\u00bb77&#8243; media_width_percent=\u00bb100&#8243; media_ratio=\u00bbthree-two\u00bb advanced=\u00bbyes\u00bb media_items=\u00bbmedia|original\u00bb media_overlay_opacity=\u00bb1&#8243; media_text_visible=\u00bbyes\u00bb media_overlay_visible=\u00bbyes\u00bb media_h_align=\u00bbcenter\u00bb media_h_position=\u00bbcenter\u00bb media_padding=\u00bb2&#8243; media_title_dimension=\u00bbh2&#8243; el_class=\u00bboverlay-big\u00bb][\/vc_column_inner][\/vc_row_inner][\/vc_column][\/vc_row][vc_row unlock_row_content=\u00bbyes\u00bb row_height_percent=\u00bb0&#8243; override_padding=\u00bbyes\u00bb h_padding=\u00bb3&#8243; top_padding=\u00bb3&#8243; bottom_padding=\u00bb3&#8243; back_color=\u00bbcolor-110816&#8243; back_image=\u00bb987&#8243; back_repeat=\u00bbno-repeat\u00bb parallax=\u00bbyes\u00bb overlay_alpha=\u00bb50&#8243; gutter_size=\u00bb3&#8243; shift_y=\u00bb0&#8243; back_size=\u00bbcontain\u00bb][vc_column column_width_percent=\u00bb100&#8243; align_horizontal=\u00bbalign_center\u00bb overlay_alpha=\u00bb50&#8243; gutter_size=\u00bb3&#8243; medium_width=\u00bb0&#8243; mobile_width=\u00bb0&#8243; shift_x=\u00bb0&#8243; shift_y=\u00bb0&#8243; z_index=\u00bb0&#8243; width=\u00bb1\/1&#8243;][vc_row_inner row_inner_height_percent=\u00bb0&#8243; overlay_alpha=\u00bb50&#8243; gutter_size=\u00bb3&#8243; shift_y=\u00bb0&#8243;][vc_column_inner column_width_percent=\u00bb75&#8243; align_horizontal=\u00bbalign_center\u00bb override_padding=\u00bbyes\u00bb column_padding=\u00bb2&#8243; gutter_size=\u00bb3&#8243; overlay_alpha=\u00bb50&#8243; medium_width=\u00bb0&#8243; mobile_width=\u00bb0&#8243; shift_x=\u00bb0&#8243; shift_y=\u00bb0&#8243; z_index=\u00bb0&#8243; width=\u00bb1\/1&#8243;][vc_custom_heading text_size=\u00bbfontsize-767795&#8243; text_font=\u00bbfont-183760&#8243; text_color=\u00bbcolor-xsdn\u00bb]Nuestros l\u00edderes veteranos[\/vc_custom_heading][vc_custom_heading text_size=\u00bbh4&#8243; text_height=\u00bbfontheight-180632&#8243; text_weight=\u00bb400&#8243; text_color=\u00bbcolor-xsdn\u00bb]Conoce m\u00e1s acerca de los l\u00edderes de grupo que nos han acompa\u00f1ado desde el comienzo.[\/vc_custom_heading][vc_gallery el_id=\u00bbgallery-108555&#8243; type=\u00bbcarousel\u00bb medias=\u00bb1020,1022,1023,1098&#8243; carousel_lg=\u00bb4&#8243; carousel_md=\u00bb3&#8243; carousel_sm=\u00bb2&#8243; thumb_size=\u00bbthree-two\u00bb gutter_size=\u00bb3&#8243; media_items=\u00bbmedia|nolink|original,title,caption,sep-one|reduced,description\u00bb carousel_height=\u00bbequal\u00bb carousel_interval=\u00bb3000&#8243; carousel_navspeed=\u00bb400&#8243; carousel_loop=\u00bbyes\u00bb carousel_dots=\u00bbyes\u00bb carousel_dots_mobile=\u00bbyes\u00bb carousel_dots_inside=\u00bbyes\u00bb stage_padding=\u00bb0&#8243; single_text=\u00bbunder\u00bb single_back_color=\u00bbcolor-xsdn\u00bb single_shape=\u00bbround\u00bb single_overlay_opacity=\u00bb50&#8243; single_text_anim=\u00bbno\u00bb single_overlay_anim=\u00bbno\u00bb single_image_anim=\u00bbno\u00bb single_h_align=\u00bbcenter\u00bb single_padding=\u00bb1&#8243; single_title_dimension=\u00bbh3&#8243; single_title_family=\u00bbfont-147490&#8243; single_shadow=\u00bbyes\u00bb single_border=\u00bbyes\u00bb][\/vc_column_inner][\/vc_row_inner][\/vc_column][\/vc_row][vc_row row_height_percent=\u00bb0&#8243; override_padding=\u00bbyes\u00bb h_padding=\u00bb2&#8243; top_padding=\u00bb3&#8243; bottom_padding=\u00bb3&#8243; back_color=\u00bbcolor-568382&#8243; back_image=\u00bb1006&#8243; overlay_alpha=\u00bb50&#8243; gutter_size=\u00bb3&#8243; shift_y=\u00bb0&#8243;][vc_column column_width_percent=\u00bb100&#8243; align_horizontal=\u00bbalign_center\u00bb overlay_alpha=\u00bb50&#8243; gutter_size=\u00bb3&#8243; medium_width=\u00bb0&#8243; mobile_width=\u00bb0&#8243; shift_x=\u00bb0&#8243; shift_y=\u00bb0&#8243; z_index=\u00bb0&#8243; width=\u00bb1\/1&#8243;][vc_custom_heading text_size=\u00bbfontsize-767795&#8243; text_font=\u00bbfont-183760&#8243; text_color=\u00bbcolor-205742&#8243;]Testimonios de los l\u00edderes de grupo[\/vc_custom_heading][uncode_index el_id=\u00bbindex-119552&#8243; loop=\u00bbsize:3|order_by:date|post_type:post|categories:4&#8243; infinite=\u00bbyes\u00bb infinite_button=\u00bbyes\u00bb infinite_button_shape=\u00bbbtn-circle\u00bb infinite_button_color=\u00bbcolor-205742&#8243; gutter_size=\u00bb3&#8243; post_items=\u00bbtext|full\u00bb screen_lg=\u00bb1000&#8243; screen_md=\u00bb600&#8243; screen_sm=\u00bb480&#8243; single_back_color=\u00bbcolor-xsdn\u00bb single_shape=\u00bbcircle\u00bb single_overlay_opacity=\u00bb50&#8243; single_padding=\u00bb1&#8243; single_title_transform=\u00bbuppercase\u00bb single_shadow=\u00bbyes\u00bb infinite_button_text=\u00bbRead More\u00bb][\/vc_column][\/vc_row][vc_row row_height_percent=\u00bb0&#8243; override_padding=\u00bbyes\u00bb h_padding=\u00bb2&#8243; top_padding=\u00bb4&#8243; bottom_padding=\u00bb4&#8243; back_color=\u00bbcolor-146305&#8243; back_image=\u00bb1011&#8243; parallax=\u00bbyes\u00bb overlay_alpha=\u00bb50&#8243; gutter_size=\u00bb3&#8243; shift_y=\u00bb0&#8243;][vc_column column_width_percent=\u00bb70&#8243; position_vertical=\u00bbmiddle\u00bb align_horizontal=\u00bbalign_center\u00bb overlay_alpha=\u00bb50&#8243; gutter_size=\u00bb3&#8243; medium_width=\u00bb0&#8243; mobile_width=\u00bb0&#8243; shift_x=\u00bb0&#8243; shift_y=\u00bb0&#8243; z_index=\u00bb0&#8243; width=\u00bb1\/1&#8243;][vc_custom_heading text_size=\u00bbfontsize-767795&#8243; text_font=\u00bbfont-183760&#8243; text_color=\u00bbcolor-xsdn\u00bb]\u00a1Convi\u00e9rtete en l\u00edder de grupo![\/vc_custom_heading][vc_custom_heading text_size=\u00bbh4&#8243; text_weight=\u00bb400&#8243; text_color=\u00bbcolor-xsdn\u00bb]Representa a tu pa\u00eds y marca el inicio de la semana mundial de la amabilidad con Danza por la Amabilidad![\/vc_custom_heading][vc_button button_color=\u00bbcolor-205742&#8243; size=\u00bbbtn-lg\u00bb radius=\u00bbbtn-circle\u00bb shadow=\u00bbyes\u00bb link=\u00bburl:https%3A%2F%2Fwww.danceforkindness.com%2Fregister-to-lead%2F|||\u00bb]\u00a1Post\u00falate ahora![\/vc_button][\/vc_column][\/vc_row]<\/p>\n<\/div>","protected":false},"excerpt":{"rendered":"<p>[vc_row unlock_row_content=\u00bbyes\u00bb row_height_percent=\u00bb0&#8243; override_padding=\u00bbyes\u00bb h_padding=\u00bb4&#8243; top_padding=\u00bb3&#8243; bottom_padding=\u00bb3&#8243; back_color=\u00bbcolor-110816&#8243; back_image=\u00bb3311&#8243; back_repeat=\u00bbno-repeat\u00bb back_position=\u00bbcenter center\u00bb overlay_alpha=\u00bb50&#8243; gutter_size=\u00bb3&#8243; column_width_percent=\u00bb100&#8243; shift_y=\u00bb0&#8243; z_index=\u00bb0&#8243;][vc_column column_width_percent=\u00bb100&#8243; align_horizontal=\u00bbalign_center\u00bb overlay_alpha=\u00bb50&#8243; [&hellip;]<\/p>\n","protected":false},"author":1,"featured_media":0,"parent":0,"menu_order":0,"comment_status":"closed","ping_status":"closed","template":"","meta":{"footnotes":""},"class_list":["post-13658","page","type-page","status-publish","hentry"],"yoast_head":"<!-- This site is optimized with the Yoast SEO plugin v24.5 - https:\/\/yoast.com\/wordpress\/plugins\/seo\/ -->\n<title>L\u00edderes de Grupo - Dance for Kindness<\/title>\n<meta name=\"robots\" content=\"index, follow, max-snippet:-1, max-image-preview:large, max-video-preview:-1\" \/>\n<link rel=\"canonical\" href=\"https:\/\/www.danceforkindness.com\/es\/lideres-de-grupo\/\" \/>\n<meta property=\"og:locale\" content=\"es_ES\" \/>\n<meta property=\"og:type\" content=\"article\" \/>\n<meta property=\"og:title\" content=\"L\u00edderes de Grupo - Dance for Kindness\" \/>\n<meta property=\"og:description\" content=\"[vc_row unlock_row_content=\u00bbyes\u00bb row_height_percent=\u00bb0&#8243; override_padding=\u00bbyes\u00bb h_padding=\u00bb4&#8243; top_padding=\u00bb3&#8243; bottom_padding=\u00bb3&#8243; back_color=\u00bbcolor-110816&#8243; back_image=\u00bb3311&#8243; back_repeat=\u00bbno-repeat\u00bb back_position=\u00bbcenter center\u00bb overlay_alpha=\u00bb50&#8243; gutter_size=\u00bb3&#8243; column_width_percent=\u00bb100&#8243; shift_y=\u00bb0&#8243; z_index=\u00bb0&#8243;][vc_column column_width_percent=\u00bb100&#8243; align_horizontal=\u00bbalign_center\u00bb overlay_alpha=\u00bb50&#8243; [&hellip;]\" \/>\n<meta property=\"og:url\" content=\"https:\/\/www.danceforkindness.com\/es\/lideres-de-grupo\/\" \/>\n<meta property=\"og:site_name\" content=\"Dance for Kindness\" \/>\n<meta property=\"article:publisher\" content=\"https:\/\/www.facebook.com\/lifevestinside\" \/>\n<meta property=\"article:modified_time\" content=\"2019-09-08T15:27:40+00:00\" \/>\n<meta property=\"og:image\" content=\"https:\/\/www.danceforkindness.com\/wp-content\/uploads\/2022\/01\/Website-sharing-image_2022.png\" \/>\n\t<meta property=\"og:image:width\" content=\"1200\" \/>\n\t<meta property=\"og:image:height\" content=\"630\" \/>\n\t<meta property=\"og:image:type\" content=\"image\/png\" \/>\n<meta name=\"twitter:card\" content=\"summary_large_image\" \/>\n<meta name=\"twitter:site\" content=\"@lifevestinside\" \/>\n<meta name=\"twitter:label1\" content=\"Tiempo de lectura\" \/>\n\t<meta name=\"twitter:data1\" content=\"9 minutos\" \/>\n<script type=\"application\/ld+json\" class=\"yoast-schema-graph\">{\"@context\":\"https:\/\/schema.org\",\"@graph\":[{\"@type\":\"WebPage\",\"@id\":\"https:\/\/www.danceforkindness.com\/es\/lideres-de-grupo\/\",\"url\":\"https:\/\/www.danceforkindness.com\/es\/lideres-de-grupo\/\",\"name\":\"L\u00edderes de Grupo - Dance for Kindness\",\"isPartOf\":{\"@id\":\"https:\/\/www.danceforkindness.com\/#website\"},\"datePublished\":\"2019-09-08T15:27:31+00:00\",\"dateModified\":\"2019-09-08T15:27:40+00:00\",\"breadcrumb\":{\"@id\":\"https:\/\/www.danceforkindness.com\/es\/lideres-de-grupo\/#breadcrumb\"},\"inLanguage\":\"es\",\"potentialAction\":[{\"@type\":\"ReadAction\",\"target\":[\"https:\/\/www.danceforkindness.com\/es\/lideres-de-grupo\/\"]}]},{\"@type\":\"BreadcrumbList\",\"@id\":\"https:\/\/www.danceforkindness.com\/es\/lideres-de-grupo\/#breadcrumb\",\"itemListElement\":[{\"@type\":\"ListItem\",\"position\":1,\"name\":\"Home\",\"item\":\"https:\/\/www.danceforkindness.com\/es\/pagina-principal-2\/\"},{\"@type\":\"ListItem\",\"position\":2,\"name\":\"L\u00edderes de Grupo\"}]},{\"@type\":\"WebSite\",\"@id\":\"https:\/\/www.danceforkindness.com\/#website\",\"url\":\"https:\/\/www.danceforkindness.com\/\",\"name\":\"Dance for Kindness\",\"description\":\"Annual Worldwide Flashmob\",\"potentialAction\":[{\"@type\":\"SearchAction\",\"target\":{\"@type\":\"EntryPoint\",\"urlTemplate\":\"https:\/\/www.danceforkindness.com\/?s={search_term_string}\"},\"query-input\":{\"@type\":\"PropertyValueSpecification\",\"valueRequired\":true,\"valueName\":\"search_term_string\"}}],\"inLanguage\":\"es\"}]}<\/script>\n<!-- \/ Yoast SEO plugin. -->","yoast_head_json":{"title":"L\u00edderes de Grupo - Dance for Kindness","robots":{"index":"index","follow":"follow","max-snippet":"max-snippet:-1","max-image-preview":"max-image-preview:large","max-video-preview":"max-video-preview:-1"},"canonical":"https:\/\/www.danceforkindness.com\/es\/lideres-de-grupo\/","og_locale":"es_ES","og_type":"article","og_title":"L\u00edderes de Grupo - Dance for Kindness","og_description":"[vc_row unlock_row_content=\u00bbyes\u00bb row_height_percent=\u00bb0&#8243; override_padding=\u00bbyes\u00bb h_padding=\u00bb4&#8243; top_padding=\u00bb3&#8243; bottom_padding=\u00bb3&#8243; back_color=\u00bbcolor-110816&#8243; back_image=\u00bb3311&#8243; back_repeat=\u00bbno-repeat\u00bb back_position=\u00bbcenter center\u00bb overlay_alpha=\u00bb50&#8243; gutter_size=\u00bb3&#8243; column_width_percent=\u00bb100&#8243; shift_y=\u00bb0&#8243; z_index=\u00bb0&#8243;][vc_column column_width_percent=\u00bb100&#8243; align_horizontal=\u00bbalign_center\u00bb overlay_alpha=\u00bb50&#8243; [&hellip;]","og_url":"https:\/\/www.danceforkindness.com\/es\/lideres-de-grupo\/","og_site_name":"Dance for Kindness","article_publisher":"https:\/\/www.facebook.com\/lifevestinside","article_modified_time":"2019-09-08T15:27:40+00:00","og_image":[{"width":1200,"height":630,"url":"https:\/\/www.danceforkindness.com\/wp-content\/uploads\/2022\/01\/Website-sharing-image_2022.png","type":"image\/png"}],"twitter_card":"summary_large_image","twitter_site":"@lifevestinside","twitter_misc":{"Tiempo de lectura":"9 minutos"},"schema":{"@context":"https:\/\/schema.org","@graph":[{"@type":"WebPage","@id":"https:\/\/www.danceforkindness.com\/es\/lideres-de-grupo\/","url":"https:\/\/www.danceforkindness.com\/es\/lideres-de-grupo\/","name":"L\u00edderes de Grupo - Dance for Kindness","isPartOf":{"@id":"https:\/\/www.danceforkindness.com\/#website"},"datePublished":"2019-09-08T15:27:31+00:00","dateModified":"2019-09-08T15:27:40+00:00","breadcrumb":{"@id":"https:\/\/www.danceforkindness.com\/es\/lideres-de-grupo\/#breadcrumb"},"inLanguage":"es","potentialAction":[{"@type":"ReadAction","target":["https:\/\/www.danceforkindness.com\/es\/lideres-de-grupo\/"]}]},{"@type":"BreadcrumbList","@id":"https:\/\/www.danceforkindness.com\/es\/lideres-de-grupo\/#breadcrumb","itemListElement":[{"@type":"ListItem","position":1,"name":"Home","item":"https:\/\/www.danceforkindness.com\/es\/pagina-principal-2\/"},{"@type":"ListItem","position":2,"name":"L\u00edderes de Grupo"}]},{"@type":"WebSite","@id":"https:\/\/www.danceforkindness.com\/#website","url":"https:\/\/www.danceforkindness.com\/","name":"Dance for Kindness","description":"Annual Worldwide Flashmob","potentialAction":[{"@type":"SearchAction","target":{"@type":"EntryPoint","urlTemplate":"https:\/\/www.danceforkindness.com\/?s={search_term_string}"},"query-input":{"@type":"PropertyValueSpecification","valueRequired":true,"valueName":"search_term_string"}}],"inLanguage":"es"}]}},"_links":{"self":[{"href":"https:\/\/www.danceforkindness.com\/es\/wp-json\/wp\/v2\/pages\/13658","targetHints":{"allow":["GET"]}}],"collection":[{"href":"https:\/\/www.danceforkindness.com\/es\/wp-json\/wp\/v2\/pages"}],"about":[{"href":"https:\/\/www.danceforkindness.com\/es\/wp-json\/wp\/v2\/types\/page"}],"author":[{"embeddable":true,"href":"https:\/\/www.danceforkindness.com\/es\/wp-json\/wp\/v2\/users\/1"}],"replies":[{"embeddable":true,"href":"https:\/\/www.danceforkindness.com\/es\/wp-json\/wp\/v2\/comments?post=13658"}],"version-history":[{"count":2,"href":"https:\/\/www.danceforkindness.com\/es\/wp-json\/wp\/v2\/pages\/13658\/revisions"}],"predecessor-version":[{"id":13664,"href":"https:\/\/www.danceforkindness.com\/es\/wp-json\/wp\/v2\/pages\/13658\/revisions\/13664"}],"wp:attachment":[{"href":"https:\/\/www.danceforkindness.com\/es\/wp-json\/wp\/v2\/media?parent=13658"}],"curies":[{"name":"wp","href":"https:\/\/api.w.org\/{rel}","templated":true}]}}