{"id":27839,"date":"2022-06-28T02:41:04","date_gmt":"2022-06-28T02:41:04","guid":{"rendered":"https:\/\/www.danceforkindness.com\/registrate-para-bailar-2\/"},"modified":"2022-09-14T12:06:48","modified_gmt":"2022-09-14T12:06:48","slug":"registrate-para-bailar-2","status":"publish","type":"page","link":"https:\/\/www.danceforkindness.com\/es\/registrate-para-bailar-2\/","title":{"rendered":"Reg\u00edstrate para bailar"},"content":{"rendered":"<div class=\"wpb-content-wrapper\"><p>[vc_row row_height_percent=\u00bb75&#8243; override_padding=\u00bbyes\u00bb h_padding=\u00bb2&#8243; top_padding=\u00bb3&#8243; bottom_padding=\u00bb3&#8243; back_image=\u00bb23597&#8243; back_position=\u00bbcenter bottom\u00bb overlay_alpha=\u00bb80&#8243; equal_height=\u00bbyes\u00bb gutter_size=\u00bb3&#8243; column_width_percent=\u00bb100&#8243; shift_y=\u00bb0&#8243; z_index=\u00bb0&#8243; top_divider=\u00bbgradient\u00bb bottom_divider=\u00bbgradient\u00bb row_height_pixel=\u00bb550&#8243;][vc_column column_width_percent=\u00bb100&#8243; position_vertical=\u00bbmiddle\u00bb gutter_size=\u00bb3&#8243; style=\u00bbdark\u00bb overlay_alpha=\u00bb50&#8243; shift_x=\u00bb0&#8243; shift_y=\u00bb0&#8243; shift_y_down=\u00bb0&#8243; z_index=\u00bb0&#8243; medium_width=\u00bb0&#8243; mobile_width=\u00bb0&#8243; width=\u00bb1\/1&#8243;][vc_row_inner row_inner_height_percent=\u00bb0&#8243; overlay_alpha=\u00bb50&#8243; gutter_size=\u00bb3&#8243; shift_y=\u00bb0&#8243;][vc_column_inner column_width_percent=\u00bb100&#8243; gutter_size=\u00bb3&#8243; style=\u00bbdark\u00bb overlay_alpha=\u00bb50&#8243; shift_x=\u00bb0&#8243; shift_y=\u00bb0&#8243; shift_y_down=\u00bb0&#8243; z_index=\u00bb0&#8243; medium_width=\u00bb0&#8243; mobile_width=\u00bb0&#8243; width=\u00bb1\/2&#8243;][vc_custom_heading text_color=\u00bbcolor-xsdn\u00bb text_font=\u00bbfont-183760&#8243; text_size=\u00bbfontsize-767795&#8243;]Reg\u00edstrate para bailar[\/vc_custom_heading][vc_custom_heading text_color=\u00bbcolor-xsdn\u00bb text_size=\u00bbh4&#8243; text_weight=\u00bb400&#8243;]\u00danete y forma parte de una celebraci\u00f3n global de la amabilidad a trav\u00e9s de canciones y bailes![\/vc_custom_heading][vc_button button_color=\u00bbcolor-205742&#8243; size=\u00bbbtn-lg\u00bb radius=\u00bbbtn-circle\u00bb text_skin=\u00bbyes\u00bb shadow=\u00bbyes\u00bb border_width=\u00bb0&#8243; link=\u00bburl:%23register|\u00bb]\u00a1Subscr\u00edbete para actualizaciones![\/vc_button][\/vc_column_inner][vc_column_inner width=\u00bb1\/2&#8243;][\/vc_column_inner][\/vc_row_inner][\/vc_column][\/vc_row][vc_row row_height_percent=\u00bb0&#8243; override_padding=\u00bbyes\u00bb h_padding=\u00bb2&#8243; top_padding=\u00bb3&#8243; bottom_padding=\u00bb3&#8243; back_color=\u00bbcolor-146305&#8243; overlay_alpha=\u00bb50&#8243; gutter_size=\u00bb3&#8243; column_width_percent=\u00bb100&#8243; shift_y=\u00bb0&#8243; z_index=\u00bb0&#8243; row_name=\u00bbhowitworks\u00bb][vc_column column_width_percent=\u00bb100&#8243; align_horizontal=\u00bbalign_center\u00bb gutter_size=\u00bb3&#8243; overlay_alpha=\u00bb50&#8243; shift_x=\u00bb0&#8243; shift_y=\u00bb0&#8243; z_index=\u00bb0&#8243; medium_width=\u00bb0&#8243; mobile_width=\u00bb0&#8243; width=\u00bb1\/1&#8243;][vc_row_inner][vc_column_inner column_width_percent=\u00bb100&#8243; align_horizontal=\u00bbalign_center\u00bb gutter_size=\u00bb2&#8243; override_padding=\u00bbyes\u00bb column_padding=\u00bb2&#8243; overlay_alpha=\u00bb50&#8243; shift_x=\u00bb0&#8243; shift_y=\u00bb0&#8243; z_index=\u00bb0&#8243; medium_width=\u00bb0&#8243; mobile_width=\u00bb0&#8243; width=\u00bb1\/1&#8243;][vc_custom_heading text_color=\u00bbcolor-xsdn\u00bb text_font=\u00bbfont-183760&#8243; text_size=\u00bbfontsize-767795&#8243;]C\u00f3mo funciona[\/vc_custom_heading][vc_custom_heading text_color=\u00bbcolor-xsdn\u00bb text_font=\u00bbfont-147490&#8243; text_weight=\u00bb400&#8243; text_space=\u00bbfontspace-130716&#8243;]Pasos para participar[\/vc_custom_heading][\/vc_column_inner][\/vc_row_inner][vc_row_inner][vc_column_inner column_width_percent=\u00bb100&#8243; align_horizontal=\u00bbalign_center\u00bb gutter_size=\u00bb2&#8243; style=\u00bbdark\u00bb overlay_alpha=\u00bb50&#8243; shift_x=\u00bb0&#8243; shift_y=\u00bb0&#8243; shift_y_down=\u00bb0&#8243; z_index=\u00bb0&#8243; medium_width=\u00bb0&#8243; mobile_width=\u00bb0&#8243; width=\u00bb1\/3&#8243;][vc_single_image media=\u00bb415&#8243; media_width_use_pixel=\u00bbyes\u00bb alignment=\u00bbcenter\u00bb media_width_pixel=\u00bb100&#8243;][vc_custom_heading text_color=\u00bbcolor-xsdn\u00bb text_font=\u00bbfont-147490&#8243; text_size=\u00bbh4&#8243; text_weight=\u00bb400&#8243; text_transform=\u00bbuppercase\u00bb]<a href=\"#register\"><span style=\"color: #fff !important; text-decoration: underline !important;\">Reg\u00edstrate para bailar<\/span><\/a>[\/vc_custom_heading][vc_column_text]No importa si te consideras un bailar\u00edn profesional, amateur o si el baile no es lo tuyo, la Danza por la Amabilidad es para ti. No pierdas la oportunidad de unirte a una comunidad global unida por la amabilidad mediante el poder de la canci\u00f3n y el baile. Abre en oto\u00f1o[\/vc_column_text][\/vc_column_inner][vc_column_inner column_width_percent=\u00bb100&#8243; align_horizontal=\u00bbalign_center\u00bb gutter_size=\u00bb2&#8243; style=\u00bbdark\u00bb overlay_alpha=\u00bb50&#8243; shift_x=\u00bb0&#8243; shift_y=\u00bb0&#8243; shift_y_down=\u00bb0&#8243; z_index=\u00bb0&#8243; medium_width=\u00bb0&#8243; mobile_width=\u00bb0&#8243; width=\u00bb1\/3&#8243;][vc_single_image media=\u00bb416&#8243; media_width_use_pixel=\u00bbyes\u00bb alignment=\u00bbcenter\u00bb media_width_pixel=\u00bb100&#8243;][vc_custom_heading text_color=\u00bbcolor-xsdn\u00bb text_font=\u00bbfont-147490&#8243; text_size=\u00bbh4&#8243; text_weight=\u00bb400&#8243; text_transform=\u00bbuppercase\u00bb]Aprende el baile[\/vc_custom_heading][vc_column_text]Recibir\u00e1s un correo electr\u00f3nico con un enlace a nuestra p\u00e1gina Learn the Dance (\u00fanicamente accesible para los que se registren) con acceso al video tutorial de baile y a las canciones oficiales de FlashMob y FreezeMob y la informaci\u00f3n de contacto de nuestro core\u00f3grafo principal.[\/vc_column_text][\/vc_column_inner][vc_column_inner column_width_percent=\u00bb100&#8243; align_horizontal=\u00bbalign_center\u00bb gutter_size=\u00bb2&#8243; style=\u00bbdark\u00bb overlay_alpha=\u00bb50&#8243; shift_x=\u00bb0&#8243; shift_y=\u00bb0&#8243; shift_y_down=\u00bb0&#8243; z_index=\u00bb0&#8243; medium_width=\u00bb0&#8243; mobile_width=\u00bb0&#8243; width=\u00bb1\/3&#8243;][vc_single_image media=\u00bb417&#8243; media_width_use_pixel=\u00bbyes\u00bb alignment=\u00bbcenter\u00bb media_width_pixel=\u00bb100&#8243;][vc_custom_heading text_color=\u00bbcolor-xsdn\u00bb text_font=\u00bbfont-147490&#8243; text_size=\u00bbh4&#8243; text_weight=\u00bb400&#8243; text_transform=\u00bbuppercase\u00bb]Cont\u00e1ctate con el l\u00edder de grupo[\/vc_custom_heading][vc_column_text]Tu l\u00edder de grupo se contactar\u00e1 para motivarte y brindarte detalles sobre la ubicaci\u00f3n espec\u00edfica e informaci\u00f3n sobre el ensayo que tendr\u00e1 lugar el d\u00eda del evento.[\/vc_column_text][\/vc_column_inner][\/vc_row_inner][vc_empty_space empty_h=\u00bb2&#8243;][vc_row_inner][vc_column_inner column_width_percent=\u00bb100&#8243; align_horizontal=\u00bbalign_center\u00bb gutter_size=\u00bb2&#8243; style=\u00bbdark\u00bb overlay_alpha=\u00bb50&#8243; shift_x=\u00bb0&#8243; shift_y=\u00bb0&#8243; shift_y_down=\u00bb0&#8243; z_index=\u00bb0&#8243; medium_width=\u00bb0&#8243; mobile_width=\u00bb0&#8243; width=\u00bb1\/3&#8243;][vc_single_image media=\u00bb418&#8243; media_width_use_pixel=\u00bbyes\u00bb alignment=\u00bbcenter\u00bb media_width_pixel=\u00bb100&#8243;][vc_custom_heading text_color=\u00bbcolor-xsdn\u00bb text_font=\u00bbfont-147490&#8243; text_size=\u00bbh4&#8243; text_weight=\u00bb400&#8243; text_transform=\u00bbuppercase\u00bb]<a style=\"color: #ffffff;\" href=\"#\" rel=\"noopener noreferrer\"><span style=\"color: #ffffff; text-decoration: underline;\">Con\u00e9ctate en Facebook<\/span><\/a>[\/vc_custom_heading][vc_column_text]\u00danete a la p\u00e1gina Dance for Kindness Main Event y con\u00e9ctate con los participantes de todo el mundo. \u00a1Qu\u00e9 mejor manera de comenzar a crear una cultura de amabilidad![\/vc_column_text][\/vc_column_inner][vc_column_inner column_width_percent=\u00bb100&#8243; align_horizontal=\u00bbalign_center\u00bb gutter_size=\u00bb2&#8243; style=\u00bbdark\u00bb overlay_alpha=\u00bb50&#8243; shift_x=\u00bb0&#8243; shift_y=\u00bb0&#8243; shift_y_down=\u00bb0&#8243; z_index=\u00bb0&#8243; medium_width=\u00bb0&#8243; mobile_width=\u00bb0&#8243; width=\u00bb1\/3&#8243;][vc_single_image media=\u00bb419&#8243; media_width_use_pixel=\u00bbyes\u00bb alignment=\u00bbcenter\u00bb media_width_pixel=\u00bb100&#8243;][vc_custom_heading text_color=\u00bbcolor-xsdn\u00bb text_font=\u00bbfont-147490&#8243; text_size=\u00bbh4&#8243; text_weight=\u00bb400&#8243; text_transform=\u00bbuppercase\u00bb]Apoya escuelas locales[\/vc_custom_heading][vc_column_text]Unete y ayuda a <strong><a href=\"https:\/\/give.classy.org\/DFK2019\" target=\"_blank\" rel=\"noopener noreferrer\"><span style=\"color: #fff; text-decoration: underline;\">recaudar fondos<\/span><\/a><\/strong> para tu ciudad Te guiaremos para crear una p\u00e1gina de recaudaci\u00f3n de fondos invividual y te daremos todo lo que necesites para que sea un \u00e9xito Los fondos apoyar\u00e1n programas de escuelas locales de tu ciudad[\/vc_column_text][\/vc_column_inner][vc_column_inner column_width_percent=\u00bb100&#8243; align_horizontal=\u00bbalign_center\u00bb gutter_size=\u00bb2&#8243; style=\u00bbdark\u00bb overlay_alpha=\u00bb50&#8243; shift_x=\u00bb0&#8243; shift_y=\u00bb0&#8243; shift_y_down=\u00bb0&#8243; z_index=\u00bb0&#8243; medium_width=\u00bb0&#8243; mobile_width=\u00bb0&#8243; width=\u00bb1\/3&#8243;][vc_single_image media=\u00bb420&#8243; media_width_use_pixel=\u00bbyes\u00bb alignment=\u00bbcenter\u00bb media_width_pixel=\u00bb100&#8243;][vc_custom_heading text_color=\u00bbcolor-xsdn\u00bb text_font=\u00bbfont-147490&#8243; text_size=\u00bbh4&#8243; text_weight=\u00bb400&#8243; text_transform=\u00bbuppercase\u00bb]Adquiere tus accesorios[\/vc_custom_heading][vc_column_text]Vu\u00e9lvete loco y v\u00edstete de naranja Compra la camisa, la sudadera y los accesorios oficiales de Dance for Kindness Tus compras apoyan la organizaci\u00f3n sin fines de lucro <strong><span style=\"color: #ffffff;\"><a style=\"color: #ffffff; text-decoration: underline;\" href=\"https:\/\/www.danceforkindness.com\/es\/tienda\/\">Dale un vistazo a la tienda<\/a><\/span><\/strong>[\/vc_column_text][\/vc_column_inner][\/vc_row_inner][\/vc_column][\/vc_row][vc_row row_height_percent=\u00bb0&#8243; override_padding=\u00bbyes\u00bb h_padding=\u00bb3&#8243; top_padding=\u00bb2&#8243; bottom_padding=\u00bb2&#8243; back_color=\u00bbcolor-110816&#8243; back_image=\u00bb9627&#8243; parallax=\u00bbyes\u00bb overlay_alpha=\u00bb50&#8243; gutter_size=\u00bb3&#8243; column_width_percent=\u00bb100&#8243; shift_y=\u00bb0&#8243; z_index=\u00bb0&#8243;][vc_column column_width_percent=\u00bb95&#8243; position_vertical=\u00bbmiddle\u00bb gutter_size=\u00bb2&#8243; overlay_alpha=\u00bb50&#8243; shift_x=\u00bb0&#8243; shift_y=\u00bb0&#8243; shift_y_down=\u00bb0&#8243; z_index=\u00bb0&#8243; medium_width=\u00bb0&#8243; mobile_width=\u00bb0&#8243; width=\u00bb1\/2&#8243;][vc_custom_heading text_color=\u00bbcolor-129739&#8243; text_font=\u00bbfont-183760&#8243; text_size=\u00bbfontsize-767795&#8243; text_height=\u00bbfontheight-180632&#8243;]Baila para apoyar una causa[\/vc_custom_heading][vc_custom_heading text_color=\u00bbcolor-xsdn\u00bb text_font=\u00bbfont-147490&#8243; text_size=\u00bbh5&#8243; text_weight=\u00bb400&#8243; text_height=\u00bbfontheight-180632&#8243;]Al apoyar los esfuerzos para recolectar fondos de Dance for Kindness, ser\u00e1s parte de la donaci\u00f3n de programas de estudio y recursos para apoyar la amabilidad en escuelas y comunidades locales[\/vc_custom_heading][vc_custom_heading text_color=\u00bbcolor-xsdn\u00bb text_font=\u00bbfont-147490&#8243; text_size=\u00bbh5&#8243; text_weight=\u00bb700&#8243; text_height=\u00bbfontheight-180632&#8243;]Eso es bailar con un prop\u00f3sito[\/vc_custom_heading][vc_button button_color=\u00bbcolor-205742&#8243; radius=\u00bbbtn-circle\u00bb text_skin=\u00bbyes\u00bb border_width=\u00bb0&#8243; link=\u00bburl:https%3A%2F%2Fgive.classy.org%2FDFK2019|target:%20_blank|\u00bb]Contribuye[\/vc_button][\/vc_column][vc_column width=\u00bb1\/2&#8243;][vc_single_image media=\u00bb9628&#8243; media_width_percent=\u00bb100&#8243;][\/vc_column][\/vc_row][vc_row row_height_percent=\u00bb0&#8243; override_padding=\u00bbyes\u00bb h_padding=\u00bb2&#8243; top_padding=\u00bb3&#8243; bottom_padding=\u00bb3&#8243; overlay_alpha=\u00bb50&#8243; gutter_size=\u00bb3&#8243; column_width_percent=\u00bb100&#8243; shift_y=\u00bb0&#8243; z_index=\u00bb0&#8243; row_name=\u00bbregister\u00bb][vc_column column_width_percent=\u00bb85&#8243; align_horizontal=\u00bbalign_center\u00bb gutter_size=\u00bb3&#8243; overlay_alpha=\u00bb50&#8243; shift_x=\u00bb0&#8243; shift_y=\u00bb0&#8243; shift_y_down=\u00bb0&#8243; z_index=\u00bb0&#8243; medium_width=\u00bb0&#8243; mobile_width=\u00bb0&#8243; width=\u00bb1\/1&#8243; uncode_shortcode_id=\u00bb570871&#8243;][vc_custom_heading text_color=\u00bbcolor-205742&#8243; text_font=\u00bbfont-183760&#8243; text_size=\u00bbfontsize-767795&#8243; uncode_shortcode_id=\u00bb411190&#8243; text_color_type=\u00bbuncode-palette\u00bb]Register to Dance[\/vc_custom_heading][vc_column_text uncode_shortcode_id=\u00bb150832&#8243;]Join us as we Celebrate a Decade of Kindness! Register below and receive the dance tutorial and be connected with your Group Leader. Don&#8217;t see your location on the list? <a href=\"https:\/\/www.danceforkindness.com\/register-to-lead\/\"><span style=\"color: #ff4a00;\">Register to Lead<\/span><\/a> an event in your city, school or workplace.[\/vc_column_text][\/vc_column][\/vc_row]<\/p>\n<\/div>","protected":false},"excerpt":{"rendered":"<p>[vc_row row_height_percent=\u00bb75&#8243; override_padding=\u00bbyes\u00bb h_padding=\u00bb2&#8243; top_padding=\u00bb3&#8243; bottom_padding=\u00bb3&#8243; back_image=\u00bb23597&#8243; back_position=\u00bbcenter bottom\u00bb overlay_alpha=\u00bb80&#8243; equal_height=\u00bbyes\u00bb gutter_size=\u00bb3&#8243; column_width_percent=\u00bb100&#8243; shift_y=\u00bb0&#8243; z_index=\u00bb0&#8243; top_divider=\u00bbgradient\u00bb bottom_divider=\u00bbgradient\u00bb row_height_pixel=\u00bb550&#8243;][vc_column column_width_percent=\u00bb100&#8243; position_vertical=\u00bbmiddle\u00bb [&hellip;]<\/p>\n","protected":false},"author":1,"featured_media":0,"parent":0,"menu_order":0,"comment_status":"closed","ping_status":"closed","template":"","meta":{"footnotes":""},"class_list":["post-27839","page","type-page","status-publish","hentry"],"yoast_head":"<!-- This site is optimized with the Yoast SEO plugin v24.5 - https:\/\/yoast.com\/wordpress\/plugins\/seo\/ -->\n<title>Reg\u00edstrate para bailar - Dance for Kindness<\/title>\n<meta name=\"robots\" content=\"index, follow, max-snippet:-1, max-image-preview:large, max-video-preview:-1\" \/>\n<link rel=\"canonical\" href=\"https:\/\/www.danceforkindness.com\/es\/registrate-para-bailar-2\/\" \/>\n<meta property=\"og:locale\" content=\"es_ES\" \/>\n<meta property=\"og:type\" content=\"article\" \/>\n<meta property=\"og:title\" content=\"Reg\u00edstrate para bailar - Dance for Kindness\" \/>\n<meta property=\"og:description\" content=\"[vc_row row_height_percent=\u00bb75&#8243; override_padding=\u00bbyes\u00bb h_padding=\u00bb2&#8243; top_padding=\u00bb3&#8243; bottom_padding=\u00bb3&#8243; back_image=\u00bb23597&#8243; back_position=\u00bbcenter bottom\u00bb overlay_alpha=\u00bb80&#8243; equal_height=\u00bbyes\u00bb gutter_size=\u00bb3&#8243; column_width_percent=\u00bb100&#8243; shift_y=\u00bb0&#8243; z_index=\u00bb0&#8243; top_divider=\u00bbgradient\u00bb bottom_divider=\u00bbgradient\u00bb row_height_pixel=\u00bb550&#8243;][vc_column column_width_percent=\u00bb100&#8243; position_vertical=\u00bbmiddle\u00bb [&hellip;]\" \/>\n<meta property=\"og:url\" content=\"https:\/\/www.danceforkindness.com\/es\/registrate-para-bailar-2\/\" \/>\n<meta property=\"og:site_name\" content=\"Dance for Kindness\" \/>\n<meta property=\"article:publisher\" content=\"https:\/\/www.facebook.com\/lifevestinside\" \/>\n<meta property=\"article:modified_time\" content=\"2022-09-14T12:06:48+00:00\" \/>\n<meta property=\"og:image\" content=\"https:\/\/www.danceforkindness.com\/wp-content\/uploads\/2022\/01\/Website-sharing-image_2022.png\" \/>\n\t<meta property=\"og:image:width\" content=\"1200\" \/>\n\t<meta property=\"og:image:height\" content=\"630\" \/>\n\t<meta property=\"og:image:type\" content=\"image\/png\" \/>\n<meta name=\"twitter:card\" content=\"summary_large_image\" \/>\n<meta name=\"twitter:site\" content=\"@lifevestinside\" \/>\n<meta name=\"twitter:label1\" content=\"Tiempo de lectura\" \/>\n\t<meta name=\"twitter:data1\" content=\"3 minutos\" \/>\n<script type=\"application\/ld+json\" class=\"yoast-schema-graph\">{\"@context\":\"https:\/\/schema.org\",\"@graph\":[{\"@type\":\"WebPage\",\"@id\":\"https:\/\/www.danceforkindness.com\/es\/registrate-para-bailar-2\/\",\"url\":\"https:\/\/www.danceforkindness.com\/es\/registrate-para-bailar-2\/\",\"name\":\"Reg\u00edstrate para bailar - Dance for Kindness\",\"isPartOf\":{\"@id\":\"https:\/\/www.danceforkindness.com\/#website\"},\"datePublished\":\"2022-06-28T02:41:04+00:00\",\"dateModified\":\"2022-09-14T12:06:48+00:00\",\"breadcrumb\":{\"@id\":\"https:\/\/www.danceforkindness.com\/es\/registrate-para-bailar-2\/#breadcrumb\"},\"inLanguage\":\"es\",\"potentialAction\":[{\"@type\":\"ReadAction\",\"target\":[\"https:\/\/www.danceforkindness.com\/es\/registrate-para-bailar-2\/\"]}]},{\"@type\":\"BreadcrumbList\",\"@id\":\"https:\/\/www.danceforkindness.com\/es\/registrate-para-bailar-2\/#breadcrumb\",\"itemListElement\":[{\"@type\":\"ListItem\",\"position\":1,\"name\":\"Home\",\"item\":\"https:\/\/www.danceforkindness.com\/es\/pagina-principal-2\/\"},{\"@type\":\"ListItem\",\"position\":2,\"name\":\"Reg\u00edstrate para bailar\"}]},{\"@type\":\"WebSite\",\"@id\":\"https:\/\/www.danceforkindness.com\/#website\",\"url\":\"https:\/\/www.danceforkindness.com\/\",\"name\":\"Dance for Kindness\",\"description\":\"Annual Worldwide Flashmob\",\"potentialAction\":[{\"@type\":\"SearchAction\",\"target\":{\"@type\":\"EntryPoint\",\"urlTemplate\":\"https:\/\/www.danceforkindness.com\/?s={search_term_string}\"},\"query-input\":{\"@type\":\"PropertyValueSpecification\",\"valueRequired\":true,\"valueName\":\"search_term_string\"}}],\"inLanguage\":\"es\"}]}<\/script>\n<!-- \/ Yoast SEO plugin. -->","yoast_head_json":{"title":"Reg\u00edstrate para bailar - Dance for Kindness","robots":{"index":"index","follow":"follow","max-snippet":"max-snippet:-1","max-image-preview":"max-image-preview:large","max-video-preview":"max-video-preview:-1"},"canonical":"https:\/\/www.danceforkindness.com\/es\/registrate-para-bailar-2\/","og_locale":"es_ES","og_type":"article","og_title":"Reg\u00edstrate para bailar - Dance for Kindness","og_description":"[vc_row row_height_percent=\u00bb75&#8243; override_padding=\u00bbyes\u00bb h_padding=\u00bb2&#8243; top_padding=\u00bb3&#8243; bottom_padding=\u00bb3&#8243; back_image=\u00bb23597&#8243; back_position=\u00bbcenter bottom\u00bb overlay_alpha=\u00bb80&#8243; equal_height=\u00bbyes\u00bb gutter_size=\u00bb3&#8243; column_width_percent=\u00bb100&#8243; shift_y=\u00bb0&#8243; z_index=\u00bb0&#8243; top_divider=\u00bbgradient\u00bb bottom_divider=\u00bbgradient\u00bb row_height_pixel=\u00bb550&#8243;][vc_column column_width_percent=\u00bb100&#8243; position_vertical=\u00bbmiddle\u00bb [&hellip;]","og_url":"https:\/\/www.danceforkindness.com\/es\/registrate-para-bailar-2\/","og_site_name":"Dance for Kindness","article_publisher":"https:\/\/www.facebook.com\/lifevestinside","article_modified_time":"2022-09-14T12:06:48+00:00","og_image":[{"width":1200,"height":630,"url":"https:\/\/www.danceforkindness.com\/wp-content\/uploads\/2022\/01\/Website-sharing-image_2022.png","type":"image\/png"}],"twitter_card":"summary_large_image","twitter_site":"@lifevestinside","twitter_misc":{"Tiempo de lectura":"3 minutos"},"schema":{"@context":"https:\/\/schema.org","@graph":[{"@type":"WebPage","@id":"https:\/\/www.danceforkindness.com\/es\/registrate-para-bailar-2\/","url":"https:\/\/www.danceforkindness.com\/es\/registrate-para-bailar-2\/","name":"Reg\u00edstrate para bailar - Dance for Kindness","isPartOf":{"@id":"https:\/\/www.danceforkindness.com\/#website"},"datePublished":"2022-06-28T02:41:04+00:00","dateModified":"2022-09-14T12:06:48+00:00","breadcrumb":{"@id":"https:\/\/www.danceforkindness.com\/es\/registrate-para-bailar-2\/#breadcrumb"},"inLanguage":"es","potentialAction":[{"@type":"ReadAction","target":["https:\/\/www.danceforkindness.com\/es\/registrate-para-bailar-2\/"]}]},{"@type":"BreadcrumbList","@id":"https:\/\/www.danceforkindness.com\/es\/registrate-para-bailar-2\/#breadcrumb","itemListElement":[{"@type":"ListItem","position":1,"name":"Home","item":"https:\/\/www.danceforkindness.com\/es\/pagina-principal-2\/"},{"@type":"ListItem","position":2,"name":"Reg\u00edstrate para bailar"}]},{"@type":"WebSite","@id":"https:\/\/www.danceforkindness.com\/#website","url":"https:\/\/www.danceforkindness.com\/","name":"Dance for Kindness","description":"Annual Worldwide Flashmob","potentialAction":[{"@type":"SearchAction","target":{"@type":"EntryPoint","urlTemplate":"https:\/\/www.danceforkindness.com\/?s={search_term_string}"},"query-input":{"@type":"PropertyValueSpecification","valueRequired":true,"valueName":"search_term_string"}}],"inLanguage":"es"}]}},"_links":{"self":[{"href":"https:\/\/www.danceforkindness.com\/es\/wp-json\/wp\/v2\/pages\/27839","targetHints":{"allow":["GET"]}}],"collection":[{"href":"https:\/\/www.danceforkindness.com\/es\/wp-json\/wp\/v2\/pages"}],"about":[{"href":"https:\/\/www.danceforkindness.com\/es\/wp-json\/wp\/v2\/types\/page"}],"author":[{"embeddable":true,"href":"https:\/\/www.danceforkindness.com\/es\/wp-json\/wp\/v2\/users\/1"}],"replies":[{"embeddable":true,"href":"https:\/\/www.danceforkindness.com\/es\/wp-json\/wp\/v2\/comments?post=27839"}],"version-history":[{"count":2,"href":"https:\/\/www.danceforkindness.com\/es\/wp-json\/wp\/v2\/pages\/27839\/revisions"}],"predecessor-version":[{"id":98805,"href":"https:\/\/www.danceforkindness.com\/es\/wp-json\/wp\/v2\/pages\/27839\/revisions\/98805"}],"wp:attachment":[{"href":"https:\/\/www.danceforkindness.com\/es\/wp-json\/wp\/v2\/media?parent=27839"}],"curies":[{"name":"wp","href":"https:\/\/api.w.org\/{rel}","templated":true}]}}