{"id":62796,"date":"2022-09-09T11:28:43","date_gmt":"2022-09-09T11:28:43","guid":{"rendered":"https:\/\/www.danceforkindness.com\/registrati-per-ballare\/"},"modified":"2022-09-15T22:23:17","modified_gmt":"2022-09-15T22:23:17","slug":"registrati-per-ballare","status":"publish","type":"page","link":"https:\/\/www.danceforkindness.com\/it\/registrati-per-ballare\/","title":{"rendered":"Iscriviti per Ballare"},"content":{"rendered":"<div class=\"wpb-content-wrapper\"><p>[vc_row row_height_percent=&#8221;75&#8243; override_padding=&#8221;yes&#8221; h_padding=&#8221;2&#8243; top_padding=&#8221;3&#8243; bottom_padding=&#8221;3&#8243; back_image=&#8221;23597&#8243; back_position=&#8221;center bottom&#8221; overlay_alpha=&#8221;80&#8243; equal_height=&#8221;yes&#8221; gutter_size=&#8221;3&#8243; column_width_percent=&#8221;100&#8243; shift_y=&#8221;0&#8243; z_index=&#8221;0&#8243; top_divider=&#8221;gradient&#8221; bottom_divider=&#8221;gradient&#8221; row_height_pixel=&#8221;550&#8243;][vc_column column_width_percent=&#8221;100&#8243; position_vertical=&#8221;middle&#8221; gutter_size=&#8221;3&#8243; style=&#8221;dark&#8221; overlay_alpha=&#8221;50&#8243; shift_x=&#8221;0&#8243; shift_y=&#8221;0&#8243; shift_y_down=&#8221;0&#8243; z_index=&#8221;0&#8243; medium_width=&#8221;0&#8243; mobile_width=&#8221;0&#8243; width=&#8221;1\/1&#8243;][vc_row_inner row_inner_height_percent=&#8221;0&#8243; overlay_alpha=&#8221;50&#8243; gutter_size=&#8221;3&#8243; shift_y=&#8221;0&#8243;][vc_column_inner column_width_percent=&#8221;100&#8243; gutter_size=&#8221;3&#8243; style=&#8221;dark&#8221; overlay_alpha=&#8221;50&#8243; shift_x=&#8221;0&#8243; shift_y=&#8221;0&#8243; shift_y_down=&#8221;0&#8243; z_index=&#8221;0&#8243; medium_width=&#8221;0&#8243; mobile_width=&#8221;0&#8243; width=&#8221;1\/2&#8243;][vc_custom_heading text_color=&#8221;color-xsdn&#8221; text_font=&#8221;font-183760&#8243; text_size=&#8221;fontsize-767795&#8243;]Iscriviti per Ballare[\/vc_custom_heading][vc_custom_heading text_color=&#8221;color-xsdn&#8221; text_size=&#8221;h4&#8243; text_weight=&#8221;400&#8243;]Unisciti e partecipa a una celebrazione mondiale della Gentilezza attraverso canto e danza![\/vc_custom_heading][vc_button button_color=&#8221;color-205742&#8243; size=&#8221;btn-lg&#8221; radius=&#8221;btn-circle&#8221; text_skin=&#8221;yes&#8221; shadow=&#8221;yes&#8221; border_width=&#8221;0&#8243; link=&#8221;url:%23iscriviti|&#8221; button_color_type=&#8221;uncode-palette&#8221; uncode_shortcode_id=&#8221;152627&#8243;]Iscriviti[\/vc_button][\/vc_column_inner][vc_column_inner width=&#8221;1\/2&#8243;][\/vc_column_inner][\/vc_row_inner][\/vc_column][\/vc_row][vc_row row_height_percent=&#8221;0&#8243; override_padding=&#8221;yes&#8221; h_padding=&#8221;2&#8243; top_padding=&#8221;3&#8243; bottom_padding=&#8221;3&#8243; back_color=&#8221;color-146305&#8243; overlay_alpha=&#8221;50&#8243; gutter_size=&#8221;3&#8243; column_width_percent=&#8221;100&#8243; shift_y=&#8221;0&#8243; z_index=&#8221;0&#8243; row_name=&#8221;howitworks&#8221;][vc_column column_width_percent=&#8221;100&#8243; align_horizontal=&#8221;align_center&#8221; gutter_size=&#8221;3&#8243; overlay_alpha=&#8221;50&#8243; shift_x=&#8221;0&#8243; shift_y=&#8221;0&#8243; z_index=&#8221;0&#8243; medium_width=&#8221;0&#8243; mobile_width=&#8221;0&#8243; width=&#8221;1\/1&#8243;][vc_row_inner][vc_column_inner column_width_percent=&#8221;100&#8243; align_horizontal=&#8221;align_center&#8221; gutter_size=&#8221;2&#8243; override_padding=&#8221;yes&#8221; column_padding=&#8221;2&#8243; overlay_alpha=&#8221;50&#8243; shift_x=&#8221;0&#8243; shift_y=&#8221;0&#8243; z_index=&#8221;0&#8243; medium_width=&#8221;0&#8243; mobile_width=&#8221;0&#8243; width=&#8221;1\/1&#8243;][vc_custom_heading text_color=&#8221;color-xsdn&#8221; text_font=&#8221;font-183760&#8243; text_size=&#8221;fontsize-767795&#8243;]Come funziona[\/vc_custom_heading][vc_custom_heading text_color=&#8221;color-xsdn&#8221; text_font=&#8221;font-147490&#8243; text_weight=&#8221;400&#8243; text_space=&#8221;fontspace-130716&#8243;]Step per partecipare[\/vc_custom_heading][\/vc_column_inner][\/vc_row_inner][vc_row_inner][vc_column_inner column_width_percent=&#8221;100&#8243; align_horizontal=&#8221;align_center&#8221; gutter_size=&#8221;2&#8243; style=&#8221;dark&#8221; overlay_alpha=&#8221;50&#8243; shift_x=&#8221;0&#8243; shift_y=&#8221;0&#8243; shift_y_down=&#8221;0&#8243; z_index=&#8221;0&#8243; medium_width=&#8221;0&#8243; mobile_width=&#8221;0&#8243; width=&#8221;1\/3&#8243;][vc_single_image media=&#8221;415&#8243; media_width_use_pixel=&#8221;yes&#8221; alignment=&#8221;center&#8221; media_width_pixel=&#8221;100&#8243;][vc_custom_heading text_color=&#8221;color-xsdn&#8221; text_font=&#8221;font-147490&#8243; text_size=&#8221;h4&#8243; text_weight=&#8221;400&#8243; text_transform=&#8221;uppercase&#8221;]<a href=\"#register\"><span style=\"color: #fff !important; text-decoration: underline !important;\">Iscriviti per Ballare<\/span><\/a>[\/vc_custom_heading][vc_column_text]Sia che ti consideri un ballerino professionista o amatoriale o che tu non lo sia affatto, Dance for Kindness \u00e8 per te! Non perdere l&#8217;opportunit\u00e0 di partecipare a una comunit\u00e0 globale che si unisce per la Gentilezza attraverso il potere del canto e della danza! Apre in autunno.[\/vc_column_text][\/vc_column_inner][vc_column_inner column_width_percent=&#8221;100&#8243; align_horizontal=&#8221;align_center&#8221; gutter_size=&#8221;2&#8243; style=&#8221;dark&#8221; overlay_alpha=&#8221;50&#8243; shift_x=&#8221;0&#8243; shift_y=&#8221;0&#8243; shift_y_down=&#8221;0&#8243; z_index=&#8221;0&#8243; medium_width=&#8221;0&#8243; mobile_width=&#8221;0&#8243; width=&#8221;1\/3&#8243;][vc_single_image media=&#8221;416&#8243; media_width_use_pixel=&#8221;yes&#8221; alignment=&#8221;center&#8221; media_width_pixel=&#8221;100&#8243;][vc_custom_heading text_color=&#8221;color-xsdn&#8221; text_font=&#8221;font-147490&#8243; text_size=&#8221;h4&#8243; text_weight=&#8221;400&#8243; text_transform=&#8221;uppercase&#8221;]Impara la coreografia[\/vc_custom_heading][vc_column_text]Riceverai un&#8217;e-mail con un link alla nostra pagina &#8220;Impara la coreografia&#8221; (accessibile solo a chi si registra) con l&#8217;accesso al video tutorial del ballo, alle canzoni ufficiali del FlashMob e FreezeMob e ai contatti del coreografo.[\/vc_column_text][\/vc_column_inner][vc_column_inner column_width_percent=&#8221;100&#8243; align_horizontal=&#8221;align_center&#8221; gutter_size=&#8221;2&#8243; style=&#8221;dark&#8221; overlay_alpha=&#8221;50&#8243; shift_x=&#8221;0&#8243; shift_y=&#8221;0&#8243; shift_y_down=&#8221;0&#8243; z_index=&#8221;0&#8243; medium_width=&#8221;0&#8243; mobile_width=&#8221;0&#8243; width=&#8221;1\/3&#8243;][vc_single_image media=&#8221;417&#8243; media_width_use_pixel=&#8221;yes&#8221; alignment=&#8221;center&#8221; media_width_pixel=&#8221;100&#8243;][vc_custom_heading text_color=&#8221;color-xsdn&#8221; text_font=&#8221;font-147490&#8243; text_size=&#8221;h4&#8243; text_weight=&#8221;400&#8243; text_transform=&#8221;uppercase&#8221;]Connettiti con il Group Leader[\/vc_custom_heading][vc_column_text]Il tuo Group Leader ti contatter\u00e0 per aggiornarti e fornirti i dettagli sul luogo dell&#8217;evento e informazioni sulle prove generali prima dell&#8217;evento.[\/vc_column_text][\/vc_column_inner][\/vc_row_inner][vc_empty_space empty_h=&#8221;2&#8243;][vc_row_inner][vc_column_inner column_width_percent=&#8221;100&#8243; align_horizontal=&#8221;align_center&#8221; gutter_size=&#8221;2&#8243; style=&#8221;dark&#8221; overlay_alpha=&#8221;50&#8243; shift_x=&#8221;0&#8243; shift_y=&#8221;0&#8243; shift_y_down=&#8221;0&#8243; z_index=&#8221;0&#8243; medium_width=&#8221;0&#8243; mobile_width=&#8221;0&#8243; width=&#8221;1\/3&#8243;][vc_single_image media=&#8221;418&#8243; media_width_use_pixel=&#8221;yes&#8221; alignment=&#8221;center&#8221; media_width_pixel=&#8221;100&#8243;][vc_custom_heading text_color=&#8221;color-xsdn&#8221; text_font=&#8221;font-147490&#8243; text_size=&#8221;h4&#8243; text_weight=&#8221;400&#8243; text_transform=&#8221;uppercase&#8221;]<a style=\"color: #ffffff;\" href=\"#\" rel=\"noopener noreferrer\"><span style=\"color: #ffffff; text-decoration: underline;\">Connettiti su Facebook<\/span><\/a>[\/vc_custom_heading][vc_column_text]Unisciti alla pagina principale dell&#8217;evento Dance for Kindness e connettiti con i partecipanti di tutto il mondo. Un bel modo per iniziare a creare una cultura della Gentilezza![\/vc_column_text][\/vc_column_inner][vc_column_inner column_width_percent=&#8221;100&#8243; align_horizontal=&#8221;align_center&#8221; gutter_size=&#8221;2&#8243; style=&#8221;dark&#8221; overlay_alpha=&#8221;50&#8243; shift_x=&#8221;0&#8243; shift_y=&#8221;0&#8243; shift_y_down=&#8221;0&#8243; z_index=&#8221;0&#8243; medium_width=&#8221;0&#8243; mobile_width=&#8221;0&#8243; width=&#8221;1\/3&#8243;][vc_single_image media=&#8221;419&#8243; media_width_use_pixel=&#8221;yes&#8221; alignment=&#8221;center&#8221; media_width_pixel=&#8221;100&#8243;][vc_custom_heading text_color=&#8221;color-xsdn&#8221; text_font=&#8221;font-147490&#8243; text_size=&#8221;h4&#8243; text_weight=&#8221;400&#8243; text_transform=&#8221;uppercase&#8221;]Sostenere le scuole locali[\/vc_custom_heading][vc_column_text]Partecipa e contribuisci alla <strong><a href=\"https:\/\/give.classy.org\/italy-rimini\" target=\"_blank\" rel=\"noopener noreferrer\"><span style=\"color: #fff; text-decoration: underline;\">raccolta fondi<\/span><\/a><\/strong> per la tua citt\u00e0. Ti guideremo nella creazione di una pagina di raccolta fondi individuale e ti forniremo tutto ci\u00f2 di cui hai bisogno per il suo successo. I fondi sostengono programmi scolastici locali della tua citt\u00e0.[\/vc_column_text][\/vc_column_inner][vc_column_inner column_width_percent=&#8221;100&#8243; align_horizontal=&#8221;align_center&#8221; gutter_size=&#8221;2&#8243; style=&#8221;dark&#8221; overlay_alpha=&#8221;50&#8243; shift_x=&#8221;0&#8243; shift_y=&#8221;0&#8243; shift_y_down=&#8221;0&#8243; z_index=&#8221;0&#8243; medium_width=&#8221;0&#8243; mobile_width=&#8221;0&#8243; width=&#8221;1\/3&#8243;][vc_single_image media=&#8221;420&#8243; media_width_use_pixel=&#8221;yes&#8221; alignment=&#8221;center&#8221; media_width_pixel=&#8221;100&#8243;][vc_custom_heading text_color=&#8221;color-xsdn&#8221; text_font=&#8221;font-147490&#8243; text_size=&#8221;h4&#8243; text_weight=&#8221;400&#8243; text_transform=&#8221;uppercase&#8221;]Prepara il tuo outfit[\/vc_custom_heading][vc_column_text uncode_shortcode_id=&#8221;183893&#8243;]Divertiti a vestirti di arancione! Se vuoi puoi acquistare la t-shirt, la felpa e gli accessori ufficiali di Dance for Kindness. Tutti gli acquisti vanno a beneficio dell&#8217;associazione no profit. <strong><span style=\"color: #ffffff;\"><a style=\"color: #ffffff; text-decoration: underline;\" href=\"https:\/\/www.danceforkindness.com\/store\/\">Scopri il nostro negozio online!<\/a><\/span><\/strong>[\/vc_column_text][\/vc_column_inner][\/vc_row_inner][\/vc_column][\/vc_row][vc_row row_height_percent=&#8221;0&#8243; override_padding=&#8221;yes&#8221; h_padding=&#8221;3&#8243; top_padding=&#8221;2&#8243; bottom_padding=&#8221;2&#8243; back_color=&#8221;color-110816&#8243; back_image=&#8221;9627&#8243; parallax=&#8221;yes&#8221; overlay_alpha=&#8221;50&#8243; gutter_size=&#8221;3&#8243; column_width_percent=&#8221;100&#8243; shift_y=&#8221;0&#8243; z_index=&#8221;0&#8243; desktop_visibility=&#8221;yes&#8221; medium_visibility=&#8221;yes&#8221; mobile_visibility=&#8221;yes&#8221; uncode_shortcode_id=&#8221;126931&#8243; back_color_type=&#8221;uncode-palette&#8221;][vc_column column_width_percent=&#8221;95&#8243; position_vertical=&#8221;middle&#8221; gutter_size=&#8221;2&#8243; overlay_alpha=&#8221;50&#8243; shift_x=&#8221;0&#8243; shift_y=&#8221;0&#8243; shift_y_down=&#8221;0&#8243; z_index=&#8221;0&#8243; medium_width=&#8221;0&#8243; mobile_width=&#8221;0&#8243; width=&#8221;1\/2&#8243;][vc_custom_heading text_color=&#8221;color-129739&#8243; text_font=&#8221;font-183760&#8243; text_size=&#8221;fontsize-767795&#8243; text_height=&#8221;fontheight-180632&#8243;]Balla per una causa![\/vc_custom_heading][vc_custom_heading text_color=&#8221;color-xsdn&#8221; text_font=&#8221;font-147490&#8243; text_size=&#8221;h5&#8243; text_weight=&#8221;400&#8243; text_height=&#8221;fontheight-180632&#8243;]Sostenendo le iniziative di raccolta fondi di Dance for Kindness, contribuirai a regalare un corso sulla Gentilezza e risorse alle scuole delle comunit\u00e0 locali.[\/vc_custom_heading][vc_custom_heading text_color=&#8221;color-xsdn&#8221; text_font=&#8221;font-147490&#8243; text_size=&#8221;h5&#8243; text_weight=&#8221;700&#8243; text_height=&#8221;fontheight-180632&#8243;]Questo s\u00ec che \u00e8 ballare per uno scopo![\/vc_custom_heading][vc_button button_color=&#8221;color-205742&#8243; radius=&#8221;btn-circle&#8221; text_skin=&#8221;yes&#8221; border_width=&#8221;0&#8243; link=&#8221;url:https%3A%2F%2Fgive.classy.org%2Fitaly-rimini|target:%20_blank|&#8221;]Contribuisci[\/vc_button][\/vc_column][vc_column width=&#8221;1\/2&#8243;][vc_single_image media=&#8221;9628&#8243; media_width_percent=&#8221;100&#8243;][\/vc_column][\/vc_row][vc_row row_height_percent=&#8221;0&#8243; override_padding=&#8221;yes&#8221; h_padding=&#8221;2&#8243; top_padding=&#8221;3&#8243; bottom_padding=&#8221;3&#8243; overlay_alpha=&#8221;50&#8243; gutter_size=&#8221;3&#8243; column_width_percent=&#8221;100&#8243; shift_y=&#8221;0&#8243; z_index=&#8221;0&#8243; row_name=&#8221;register&#8221;][vc_column column_width_percent=&#8221;85&#8243; align_horizontal=&#8221;align_center&#8221; gutter_size=&#8221;3&#8243; overlay_alpha=&#8221;50&#8243; shift_x=&#8221;0&#8243; shift_y=&#8221;0&#8243; shift_y_down=&#8221;0&#8243; z_index=&#8221;0&#8243; medium_width=&#8221;0&#8243; mobile_width=&#8221;0&#8243; width=&#8221;1\/1&#8243; uncode_shortcode_id=&#8221;299123&#8243;][vc_custom_heading text_color=&#8221;color-205742&#8243; text_font=&#8221;font-183760&#8243; text_size=&#8221;fontsize-767795&#8243; uncode_shortcode_id=&#8221;411190&#8243; text_color_type=&#8221;uncode-palette&#8221;]Iscriviti per Ballare[\/vc_custom_heading][vc_column_text uncode_shortcode_id=&#8221;150832&#8243;]Unisciti a noi per Celebrare 10 anni di Gentilezza! Iscriviti compilando il modulo sottostante: riceverai il tutorial per imparare la coreografia e sarai connesso con il Group Leader della tua citt\u00e0. Non vedi la tua citt\u00e0 nella lista delle location? <a href=\"https:\/\/www.danceforkindness.com\/register-to-lead\/\"><span style=\"color: #ff4a00;\">Iscriviti come Group Leader<\/span><\/a> per portare l&#8217;evento nella tua citt\u00e0, scuola o posto di lavoro. E ora qualche INFO utile per l&#8217;ISCRIZIONE: ricordati di dirci per quante persone stai facendo l&#8217;iscrizione e cosa significa per te la Gentilezza. Se hai amici giornalisti, fotografi, videomaker o vuoi aiutare il Group Leader della tua citt\u00e0, faccelo sapere! Infine, due note molto importanti: la prima, sulla privacy&#8230;abbiamo bisogno del tuo consenso per poter pubblicare foto\/video; la seconda, se hai problemi con il pagamento del contributo a favore dell&#8217;associazione no-profit, scrivi una mail a info@danceforkindness.com o contatta il Group Leader della tua citt\u00e0. Grazie![\/vc_column_text][\/vc_column][\/vc_row]<\/p>\n<\/div>","protected":false},"excerpt":{"rendered":"<p>[vc_row row_height_percent=&#8221;75&#8243; override_padding=&#8221;yes&#8221; h_padding=&#8221;2&#8243; top_padding=&#8221;3&#8243; bottom_padding=&#8221;3&#8243; back_image=&#8221;23597&#8243; back_position=&#8221;center bottom&#8221; overlay_alpha=&#8221;80&#8243; equal_height=&#8221;yes&#8221; gutter_size=&#8221;3&#8243; column_width_percent=&#8221;100&#8243; shift_y=&#8221;0&#8243; z_index=&#8221;0&#8243; top_divider=&#8221;gradient&#8221; bottom_divider=&#8221;gradient&#8221; row_height_pixel=&#8221;550&#8243;][vc_column column_width_percent=&#8221;100&#8243; position_vertical=&#8221;middle&#8221; [&hellip;]<\/p>\n","protected":false},"author":1,"featured_media":0,"parent":0,"menu_order":0,"comment_status":"closed","ping_status":"closed","template":"","meta":{"footnotes":""},"class_list":["post-62796","page","type-page","status-publish","hentry"],"yoast_head":"<!-- This site is optimized with the Yoast SEO plugin v24.5 - https:\/\/yoast.com\/wordpress\/plugins\/seo\/ -->\n<title>Iscriviti per Ballare - Dance for Kindness<\/title>\n<meta name=\"robots\" content=\"index, follow, max-snippet:-1, max-image-preview:large, max-video-preview:-1\" \/>\n<link rel=\"canonical\" href=\"https:\/\/www.danceforkindness.com\/it\/registrati-per-ballare\/\" \/>\n<meta property=\"og:locale\" content=\"it_IT\" \/>\n<meta property=\"og:type\" content=\"article\" \/>\n<meta property=\"og:title\" content=\"Iscriviti per Ballare - Dance for Kindness\" \/>\n<meta property=\"og:description\" content=\"[vc_row row_height_percent=&#8221;75&#8243; override_padding=&#8221;yes&#8221; h_padding=&#8221;2&#8243; top_padding=&#8221;3&#8243; bottom_padding=&#8221;3&#8243; back_image=&#8221;23597&#8243; back_position=&#8221;center bottom&#8221; overlay_alpha=&#8221;80&#8243; equal_height=&#8221;yes&#8221; gutter_size=&#8221;3&#8243; column_width_percent=&#8221;100&#8243; shift_y=&#8221;0&#8243; z_index=&#8221;0&#8243; top_divider=&#8221;gradient&#8221; bottom_divider=&#8221;gradient&#8221; row_height_pixel=&#8221;550&#8243;][vc_column column_width_percent=&#8221;100&#8243; position_vertical=&#8221;middle&#8221; [&hellip;]\" \/>\n<meta property=\"og:url\" content=\"https:\/\/www.danceforkindness.com\/it\/registrati-per-ballare\/\" \/>\n<meta property=\"og:site_name\" content=\"Dance for Kindness\" \/>\n<meta property=\"article:publisher\" content=\"https:\/\/www.facebook.com\/lifevestinside\" \/>\n<meta property=\"article:modified_time\" content=\"2022-09-15T22:23:17+00:00\" \/>\n<meta property=\"og:image\" content=\"https:\/\/www.danceforkindness.com\/wp-content\/uploads\/2022\/01\/Website-sharing-image_2022.png\" \/>\n\t<meta property=\"og:image:width\" content=\"1200\" \/>\n\t<meta property=\"og:image:height\" content=\"630\" \/>\n\t<meta property=\"og:image:type\" content=\"image\/png\" \/>\n<meta name=\"twitter:card\" content=\"summary_large_image\" \/>\n<meta name=\"twitter:site\" content=\"@lifevestinside\" \/>\n<meta name=\"twitter:label1\" content=\"Tempo di lettura stimato\" \/>\n\t<meta name=\"twitter:data1\" content=\"3 minuti\" \/>\n<script type=\"application\/ld+json\" class=\"yoast-schema-graph\">{\"@context\":\"https:\/\/schema.org\",\"@graph\":[{\"@type\":\"WebPage\",\"@id\":\"https:\/\/www.danceforkindness.com\/it\/registrati-per-ballare\/\",\"url\":\"https:\/\/www.danceforkindness.com\/it\/registrati-per-ballare\/\",\"name\":\"Iscriviti per Ballare - Dance for Kindness\",\"isPartOf\":{\"@id\":\"https:\/\/www.danceforkindness.com\/#website\"},\"datePublished\":\"2022-09-09T11:28:43+00:00\",\"dateModified\":\"2022-09-15T22:23:17+00:00\",\"breadcrumb\":{\"@id\":\"https:\/\/www.danceforkindness.com\/it\/registrati-per-ballare\/#breadcrumb\"},\"inLanguage\":\"it-IT\",\"potentialAction\":[{\"@type\":\"ReadAction\",\"target\":[\"https:\/\/www.danceforkindness.com\/it\/registrati-per-ballare\/\"]}]},{\"@type\":\"BreadcrumbList\",\"@id\":\"https:\/\/www.danceforkindness.com\/it\/registrati-per-ballare\/#breadcrumb\",\"itemListElement\":[{\"@type\":\"ListItem\",\"position\":1,\"name\":\"Home\",\"item\":\"https:\/\/www.danceforkindness.com\/\"},{\"@type\":\"ListItem\",\"position\":2,\"name\":\"Iscriviti per Ballare\"}]},{\"@type\":\"WebSite\",\"@id\":\"https:\/\/www.danceforkindness.com\/#website\",\"url\":\"https:\/\/www.danceforkindness.com\/\",\"name\":\"Dance for Kindness\",\"description\":\"Annual Worldwide Flashmob\",\"potentialAction\":[{\"@type\":\"SearchAction\",\"target\":{\"@type\":\"EntryPoint\",\"urlTemplate\":\"https:\/\/www.danceforkindness.com\/?s={search_term_string}\"},\"query-input\":{\"@type\":\"PropertyValueSpecification\",\"valueRequired\":true,\"valueName\":\"search_term_string\"}}],\"inLanguage\":\"it-IT\"}]}<\/script>\n<!-- \/ Yoast SEO plugin. -->","yoast_head_json":{"title":"Iscriviti per Ballare - Dance for Kindness","robots":{"index":"index","follow":"follow","max-snippet":"max-snippet:-1","max-image-preview":"max-image-preview:large","max-video-preview":"max-video-preview:-1"},"canonical":"https:\/\/www.danceforkindness.com\/it\/registrati-per-ballare\/","og_locale":"it_IT","og_type":"article","og_title":"Iscriviti per Ballare - Dance for Kindness","og_description":"[vc_row row_height_percent=&#8221;75&#8243; override_padding=&#8221;yes&#8221; h_padding=&#8221;2&#8243; top_padding=&#8221;3&#8243; bottom_padding=&#8221;3&#8243; back_image=&#8221;23597&#8243; back_position=&#8221;center bottom&#8221; overlay_alpha=&#8221;80&#8243; equal_height=&#8221;yes&#8221; gutter_size=&#8221;3&#8243; column_width_percent=&#8221;100&#8243; shift_y=&#8221;0&#8243; z_index=&#8221;0&#8243; top_divider=&#8221;gradient&#8221; bottom_divider=&#8221;gradient&#8221; row_height_pixel=&#8221;550&#8243;][vc_column column_width_percent=&#8221;100&#8243; position_vertical=&#8221;middle&#8221; [&hellip;]","og_url":"https:\/\/www.danceforkindness.com\/it\/registrati-per-ballare\/","og_site_name":"Dance for Kindness","article_publisher":"https:\/\/www.facebook.com\/lifevestinside","article_modified_time":"2022-09-15T22:23:17+00:00","og_image":[{"width":1200,"height":630,"url":"https:\/\/www.danceforkindness.com\/wp-content\/uploads\/2022\/01\/Website-sharing-image_2022.png","type":"image\/png"}],"twitter_card":"summary_large_image","twitter_site":"@lifevestinside","twitter_misc":{"Tempo di lettura stimato":"3 minuti"},"schema":{"@context":"https:\/\/schema.org","@graph":[{"@type":"WebPage","@id":"https:\/\/www.danceforkindness.com\/it\/registrati-per-ballare\/","url":"https:\/\/www.danceforkindness.com\/it\/registrati-per-ballare\/","name":"Iscriviti per Ballare - Dance for Kindness","isPartOf":{"@id":"https:\/\/www.danceforkindness.com\/#website"},"datePublished":"2022-09-09T11:28:43+00:00","dateModified":"2022-09-15T22:23:17+00:00","breadcrumb":{"@id":"https:\/\/www.danceforkindness.com\/it\/registrati-per-ballare\/#breadcrumb"},"inLanguage":"it-IT","potentialAction":[{"@type":"ReadAction","target":["https:\/\/www.danceforkindness.com\/it\/registrati-per-ballare\/"]}]},{"@type":"BreadcrumbList","@id":"https:\/\/www.danceforkindness.com\/it\/registrati-per-ballare\/#breadcrumb","itemListElement":[{"@type":"ListItem","position":1,"name":"Home","item":"https:\/\/www.danceforkindness.com\/"},{"@type":"ListItem","position":2,"name":"Iscriviti per Ballare"}]},{"@type":"WebSite","@id":"https:\/\/www.danceforkindness.com\/#website","url":"https:\/\/www.danceforkindness.com\/","name":"Dance for Kindness","description":"Annual Worldwide Flashmob","potentialAction":[{"@type":"SearchAction","target":{"@type":"EntryPoint","urlTemplate":"https:\/\/www.danceforkindness.com\/?s={search_term_string}"},"query-input":{"@type":"PropertyValueSpecification","valueRequired":true,"valueName":"search_term_string"}}],"inLanguage":"it-IT"}]}},"_links":{"self":[{"href":"https:\/\/www.danceforkindness.com\/it\/wp-json\/wp\/v2\/pages\/62796","targetHints":{"allow":["GET"]}}],"collection":[{"href":"https:\/\/www.danceforkindness.com\/it\/wp-json\/wp\/v2\/pages"}],"about":[{"href":"https:\/\/www.danceforkindness.com\/it\/wp-json\/wp\/v2\/types\/page"}],"author":[{"embeddable":true,"href":"https:\/\/www.danceforkindness.com\/it\/wp-json\/wp\/v2\/users\/1"}],"replies":[{"embeddable":true,"href":"https:\/\/www.danceforkindness.com\/it\/wp-json\/wp\/v2\/comments?post=62796"}],"version-history":[{"count":2,"href":"https:\/\/www.danceforkindness.com\/it\/wp-json\/wp\/v2\/pages\/62796\/revisions"}],"predecessor-version":[{"id":98818,"href":"https:\/\/www.danceforkindness.com\/it\/wp-json\/wp\/v2\/pages\/62796\/revisions\/98818"}],"wp:attachment":[{"href":"https:\/\/www.danceforkindness.com\/it\/wp-json\/wp\/v2\/media?parent=62796"}],"curies":[{"name":"wp","href":"https:\/\/api.w.org\/{rel}","templated":true}]}}